{"id":20922,"date":"2023-08-11T16:01:22","date_gmt":"2023-08-11T22:01:22","guid":{"rendered":"https:\/\/www.goldcrownfoundation.com\/?page_id=20922"},"modified":"2026-02-04T11:21:18","modified_gmt":"2026-02-04T18:21:18","slug":"upcoming-programs","status":"publish","type":"page","link":"https:\/\/www.goldcrownfoundation.com\/es\/upcoming-programs\/","title":{"rendered":"Pr\u00f3ximos programas"},"content":{"rendered":"<div id=\"pl-20922\"  class=\"panel-layout\" ><div id=\"pg-20922-0\"  class=\"panel-grid panel-no-style\" ><div id=\"pgc-20922-0-0\"  class=\"panel-grid-cell\" ><div id=\"panel-20922-0-0-0\" class=\"so-panel widget widget_sow-editor panel-first-child panel-last-child\" data-index=\"0\" ><div\n\t\t\t\n\t\t\tclass=\"so-widget-sow-editor so-widget-sow-editor-base\"\n\t\t\t\n\t\t>\n<div class=\"siteorigin-widget-tinymce textwidget\">\n\t<p style=\"text-align: center;\">\u00bfQu\u00e9 es lo pr\u00f3ximo en la Fundaci\u00f3n Gold Crown? Mant\u00e9ngase al d\u00eda sobre nuestros programas deportivos para j\u00f3venes de 2\u00ba a 12\u00ba grado. Para obtener una lista completa, visite el <a href=\"https:\/\/www.goldcrownfoundation.com\/es\/calendar\/\">P\u00e1gina del calendario.\u00a0<\/a><\/p>\n<\/div>\n<\/div><\/div><\/div><\/div><div id=\"pg-20922-1\"  class=\"panel-grid panel-no-style\" ><div id=\"pgc-20922-1-0\"  class=\"panel-grid-cell\" ><div id=\"panel-20922-1-0-0\" class=\"so-panel widget widget_siteorigin-panels-builder panel-first-child panel-last-child\" data-index=\"1\" ><div id=\"pl-w69838e1e64e1b\"  class=\"panel-layout\" ><div id=\"pg-w69838e1e64e1b-1\"  class=\"panel-grid panel-no-style\" ><div id=\"pgc-w69838e1e64e1b-1-0\"  class=\"panel-grid-cell\" ><div id=\"panel-w69838e1e64e1b-1-0-0\" class=\"so-panel widget widget_sow-image panel-first-child\" data-index=\"9\" ><div\n\t\t\t\n\t\t\tclass=\"so-widget-sow-image so-widget-sow-image-default-89f16426b92c\"\n\t\t\t\n\t\t><h3 class=\"widget-title\">Liga de f\u00fatbol femenino<\/h3>\n<div class=\"sow-image-container\">\n\t\t<img \n\tsrc=\"https:\/\/www.goldcrownfoundation.com\/wp-content\/uploads\/2024\/01\/2025-fall-FB-main3.jpg\" width=\"1020\" height=\"680\" srcset=\"https:\/\/www.goldcrownfoundation.com\/wp-content\/uploads\/2024\/01\/2025-fall-FB-main3.jpg 1020w, https:\/\/www.goldcrownfoundation.com\/wp-content\/uploads\/2024\/01\/2025-fall-FB-main3-300x200.jpg 300w, https:\/\/www.goldcrownfoundation.com\/wp-content\/uploads\/2024\/01\/2025-fall-FB-main3-768x512.jpg 768w, https:\/\/www.goldcrownfoundation.com\/wp-content\/uploads\/2024\/01\/2025-fall-FB-main3-18x12.jpg 18w, https:\/\/www.goldcrownfoundation.com\/wp-content\/uploads\/2024\/01\/2025-fall-FB-main3-720x480.jpg 720w, https:\/\/www.goldcrownfoundation.com\/wp-content\/uploads\/2024\/01\/2025-fall-FB-main3-272x182.jpg 272w\" sizes=\"(max-width: 1020px) 100vw, 1020px\" title=\"Liga de f\u00fatbol femenino\" alt=\"\" \t\tclass=\"so-widget-image\"\/>\n\t<\/div>\n\n<\/div><\/div><div id=\"panel-w69838e1e64e1b-1-0-1\" class=\"so-panel widget widget_sow-editor\" data-index=\"10\" ><div\n\t\t\t\n\t\t\tclass=\"so-widget-sow-editor so-widget-sow-editor-base\"\n\t\t\t\n\t\t>\n<div class=\"siteorigin-widget-tinymce textwidget\">\n\t<p style=\"text-align: center;\"><b>Saturdays, April 11\u00a0 - May 16<\/b><br \/>\n<b>3rd - 8th grade girls<\/b><br \/>\n<b>at Wheat Ridge High School<\/b><\/p>\n<p style=\"text-align: center;\">Come play in our girls only Flag Football league!\u00a0 The practice\/play league model leads to a low commitment and high reward as players build their confidence, practice their skills, and compete against other teams - all in a two-hour commitment.<\/p>\n<div id=\"panel-20667-0-0-2\" class=\"so-panel widget widget_sow-button panel-last-child\" data-index=\"2\">\n<div class=\"so-widget-sow-button so-widget-sow-button-atom-699e300f5e1f-20667\"><\/div>\n<\/div>\n<\/div>\n<\/div><\/div><div id=\"panel-w69838e1e64e1b-1-0-2\" class=\"so-panel widget widget_sow-button panel-last-child\" data-index=\"11\" ><div\n\t\t\t\n\t\t\tclass=\"so-widget-sow-button so-widget-sow-button-flat-2adeba109457\"\n\t\t\t\n\t\t><div class=\"ow-button-base ow-button-align-center\"\n>\n\t\t\t<a\n\t\t\t\t\thref=\"https:\/\/www.goldcrownfoundation.com\/es\/events\/girls-flag-football-league\/\"\n\t\t\t\t\tclass=\"sowb-button ow-icon-placement-left ow-button-hover\" target=\"_blank\" rel=\"noopener noreferrer\" \t>\n\t\t<span>\n\t\t\t\n\t\t\tAprende m\u00e1s\t\t<\/span>\n\t\t\t<\/a>\n\t<\/div>\n<\/div><\/div><\/div><div id=\"pgc-w69838e1e64e1b-1-1\"  class=\"panel-grid-cell\" ><div id=\"panel-w69838e1e64e1b-1-1-0\" class=\"so-panel widget widget_sow-image panel-first-child\" data-index=\"12\" ><div\n\t\t\t\n\t\t\tclass=\"so-widget-sow-image so-widget-sow-image-default-89f16426b92c\"\n\t\t\t\n\t\t><h3 class=\"widget-title\">Liga de voleibol de primavera<\/h3>\n<div class=\"sow-image-container\">\n\t\t<img \n\tsrc=\"https:\/\/www.goldcrownfoundation.com\/wp-content\/uploads\/2018\/12\/2025-Fall-VB-Main-3.png\" width=\"1024\" height=\"683\" srcset=\"https:\/\/www.goldcrownfoundation.com\/wp-content\/uploads\/2018\/12\/2025-Fall-VB-Main-3.png 1024w, https:\/\/www.goldcrownfoundation.com\/wp-content\/uploads\/2018\/12\/2025-Fall-VB-Main-3-300x200.png 300w, https:\/\/www.goldcrownfoundation.com\/wp-content\/uploads\/2018\/12\/2025-Fall-VB-Main-3-768x512.png 768w, https:\/\/www.goldcrownfoundation.com\/wp-content\/uploads\/2018\/12\/2025-Fall-VB-Main-3-18x12.png 18w, https:\/\/www.goldcrownfoundation.com\/wp-content\/uploads\/2018\/12\/2025-Fall-VB-Main-3-720x480.png 720w, https:\/\/www.goldcrownfoundation.com\/wp-content\/uploads\/2018\/12\/2025-Fall-VB-Main-3-272x182.png 272w\" sizes=\"(max-width: 1024px) 100vw, 1024px\" title=\"Liga de voleibol de primavera\" alt=\"\" \t\tclass=\"so-widget-image\"\/>\n\t<\/div>\n\n<\/div><\/div><div id=\"panel-w69838e1e64e1b-1-1-1\" class=\"so-panel widget widget_sow-editor\" data-index=\"13\" ><div\n\t\t\t\n\t\t\tclass=\"so-widget-sow-editor so-widget-sow-editor-base\"\n\t\t\t\n\t\t>\n<div class=\"siteorigin-widget-tinymce textwidget\">\n\t<p style=\"text-align: center;\"><b>\u00a0March 31 - April 28<br \/>\nTuesdays | 5:30 - 9:00 p.m.<br \/>\n3rd - 8th graders<\/b><\/p>\n<p>Come have fun, compete, and better your game in our spring league. This practice\/play model for recreational - competitive players is a great opportunity to play spring volleyball.<\/p>\n<\/div>\n<\/div><\/div><div id=\"panel-w69838e1e64e1b-1-1-2\" class=\"so-panel widget widget_sow-button panel-last-child\" data-index=\"14\" ><div\n\t\t\t\n\t\t\tclass=\"so-widget-sow-button so-widget-sow-button-flat-2adeba109457\"\n\t\t\t\n\t\t><div class=\"ow-button-base ow-button-align-center\"\n>\n\t\t\t<a\n\t\t\t\t\thref=\"https:\/\/www.goldcrownfoundation.com\/es\/events\/spring-volleyball-league\/\"\n\t\t\t\t\tclass=\"sowb-button ow-icon-placement-left ow-button-hover\" target=\"_blank\" rel=\"noopener noreferrer\" \t>\n\t\t<span>\n\t\t\t\n\t\t\tAprende m\u00e1s\t\t<\/span>\n\t\t\t<\/a>\n\t<\/div>\n<\/div><\/div><\/div><div id=\"pgc-w69838e1e64e1b-1-2\"  class=\"panel-grid-cell\" ><div id=\"panel-w69838e1e64e1b-1-2-0\" class=\"so-panel widget widget_sow-image panel-first-child\" data-index=\"15\" ><div\n\t\t\t\n\t\t\tclass=\"so-widget-sow-image so-widget-sow-image-default-89f16426b92c\"\n\t\t\t\n\t\t><h3 class=\"widget-title\">3x5 Basketball League<\/h3>\n<div class=\"sow-image-container\">\n\t\t<img \n\tsrc=\"https:\/\/www.goldcrownfoundation.com\/wp-content\/uploads\/2018\/12\/2026-Spring-3x5-Basketball-Main-4.png\" width=\"1024\" height=\"683\" srcset=\"https:\/\/www.goldcrownfoundation.com\/wp-content\/uploads\/2018\/12\/2026-Spring-3x5-Basketball-Main-4.png 1024w, https:\/\/www.goldcrownfoundation.com\/wp-content\/uploads\/2018\/12\/2026-Spring-3x5-Basketball-Main-4-300x200.png 300w, https:\/\/www.goldcrownfoundation.com\/wp-content\/uploads\/2018\/12\/2026-Spring-3x5-Basketball-Main-4-768x512.png 768w, https:\/\/www.goldcrownfoundation.com\/wp-content\/uploads\/2018\/12\/2026-Spring-3x5-Basketball-Main-4-18x12.png 18w, https:\/\/www.goldcrownfoundation.com\/wp-content\/uploads\/2018\/12\/2026-Spring-3x5-Basketball-Main-4-720x480.png 720w, https:\/\/www.goldcrownfoundation.com\/wp-content\/uploads\/2018\/12\/2026-Spring-3x5-Basketball-Main-4-272x182.png 272w\" sizes=\"(max-width: 1024px) 100vw, 1024px\" title=\"3x5 Basketball League\" alt=\"\" \t\tclass=\"so-widget-image\"\/>\n\t<\/div>\n\n<\/div><\/div><div id=\"panel-w69838e1e64e1b-1-2-1\" class=\"so-panel widget widget_sow-editor\" data-index=\"16\" ><div\n\t\t\t\n\t\t\tclass=\"so-widget-sow-editor so-widget-sow-editor-base\"\n\t\t\t\n\t\t>\n<div class=\"siteorigin-widget-tinymce textwidget\">\n\t<p style=\"text-align: center;\"><b>April 2 - 30<br \/>\nThursday nights | 5:30 - 7:45 p.m.<br \/>\n3rd- 8th graders<\/b><\/p>\n<p style=\"text-align: center;\">Come play in a skills clinic, 3on3 and 5on5 game in one night. A great way for youth basketball players to work on their individual skill set and get some experience with live game action.<\/p>\n<div id=\"pgc-999-0-1\" class=\"panel-grid-cell\">\n<div id=\"panel-999-0-1-0\" class=\"so-panel widget widget_sow-editor panel-first-child\" data-index=\"2\">\n<div class=\"so-widget-sow-editor so-widget-sow-editor-base\">\n<div class=\"siteorigin-widget-tinymce textwidget\"><\/div>\n<\/div>\n<\/div>\n<\/div>\n<\/div>\n<\/div><\/div><div id=\"panel-w69838e1e64e1b-1-2-2\" class=\"so-panel widget widget_sow-button panel-last-child\" data-index=\"17\" ><div\n\t\t\t\n\t\t\tclass=\"so-widget-sow-button so-widget-sow-button-flat-2adeba109457\"\n\t\t\t\n\t\t><div class=\"ow-button-base ow-button-align-center\"\n>\n\t\t\t<a\n\t\t\t\t\thref=\"https:\/\/www.goldcrownfoundation.com\/es\/events\/spring-3x5-basketball-league\/\"\n\t\t\t\t\tclass=\"sowb-button ow-icon-placement-left ow-button-hover\" target=\"_blank\" rel=\"noopener noreferrer\" \t>\n\t\t<span>\n\t\t\t\n\t\t\tAprende m\u00e1s\t\t<\/span>\n\t\t\t<\/a>\n\t<\/div>\n<\/div><\/div><\/div><\/div><\/div><\/div><\/div><\/div><\/div>","protected":false},"excerpt":{"rendered":"<p>\u00bfQu\u00e9 es lo pr\u00f3ximo en la Fundaci\u00f3n Gold Crown? Mant\u00e9ngase al d\u00eda sobre nuestros programas deportivos para j\u00f3venes de 2\u00ba a 12\u00ba grado. Para obtener una lista completa, visite la p\u00e1gina Calendario.\u00a0<\/p>","protected":false},"author":2,"featured_media":0,"parent":0,"menu_order":0,"comment_status":"closed","ping_status":"closed","template":"","meta":{"inline_featured_image":false,"_monsterinsights_skip_tracking":false,"_monsterinsights_sitenote_active":false,"_monsterinsights_sitenote_note":"","_monsterinsights_sitenote_category":0,"footnotes":""},"class_list":["post-20922","page","type-page","status-publish","hentry","post"],"yoast_head":"<!-- This site is optimized with the Yoast SEO plugin v27.4 - https:\/\/yoast.com\/product\/yoast-seo-wordpress\/ -->\n<title>Upcoming Programs - Gold Crown Foundation<\/title>\n<meta name=\"description\" content=\"What&#039;s next at Gold Crown Foundation? Stay up to date on our youth sports programs for 2nd - 12 grader, depending on the season!\" \/>\n<meta name=\"robots\" content=\"index, follow, max-snippet:-1, max-image-preview:large, max-video-preview:-1\" \/>\n<link rel=\"canonical\" href=\"https:\/\/www.goldcrownfoundation.com\/es\/upcoming-programs\/\" \/>\n<meta property=\"og:locale\" content=\"es_MX\" \/>\n<meta property=\"og:type\" content=\"article\" \/>\n<meta property=\"og:title\" content=\"Upcoming Programs - Gold Crown Foundation\" \/>\n<meta property=\"og:description\" content=\"What&#039;s next at Gold Crown Foundation? Stay up to date on our youth sports programs for 2nd - 12 grader, depending on the season!\" \/>\n<meta property=\"og:url\" content=\"https:\/\/www.goldcrownfoundation.com\/es\/upcoming-programs\/\" \/>\n<meta property=\"og:site_name\" content=\"Gold Crown Foundation\" \/>\n<meta property=\"article:modified_time\" content=\"2026-02-04T18:21:18+00:00\" \/>\n<meta name=\"twitter:card\" content=\"summary_large_image\" \/>\n<meta name=\"twitter:label1\" content=\"Tiempo de lectura\" \/>\n\t<meta name=\"twitter:data1\" content=\"5 minutos\" \/>\n<script type=\"application\/ld+json\" class=\"yoast-schema-graph\">{\"@context\":\"https:\\\/\\\/schema.org\",\"@graph\":[{\"@type\":\"WebPage\",\"@id\":\"https:\\\/\\\/www.goldcrownfoundation.com\\\/upcoming-programs\\\/\",\"url\":\"https:\\\/\\\/www.goldcrownfoundation.com\\\/upcoming-programs\\\/\",\"name\":\"Upcoming Programs - Gold Crown Foundation\",\"isPartOf\":{\"@id\":\"https:\\\/\\\/www.goldcrownfoundation.com\\\/#website\"},\"datePublished\":\"2023-08-11T22:01:22+00:00\",\"dateModified\":\"2026-02-04T18:21:18+00:00\",\"description\":\"What's next at Gold Crown Foundation? Stay up to date on our youth sports programs for 2nd - 12 grader, depending on the season!\",\"breadcrumb\":{\"@id\":\"https:\\\/\\\/www.goldcrownfoundation.com\\\/upcoming-programs\\\/#breadcrumb\"},\"inLanguage\":\"es\",\"potentialAction\":[{\"@type\":\"ReadAction\",\"target\":[\"https:\\\/\\\/www.goldcrownfoundation.com\\\/upcoming-programs\\\/\"]}]},{\"@type\":\"BreadcrumbList\",\"@id\":\"https:\\\/\\\/www.goldcrownfoundation.com\\\/upcoming-programs\\\/#breadcrumb\",\"itemListElement\":[{\"@type\":\"ListItem\",\"position\":1,\"name\":\"Home\",\"item\":\"https:\\\/\\\/www.goldcrownfoundation.com\\\/\"},{\"@type\":\"ListItem\",\"position\":2,\"name\":\"Upcoming Programs\"}]},{\"@type\":\"WebSite\",\"@id\":\"https:\\\/\\\/www.goldcrownfoundation.com\\\/#website\",\"url\":\"https:\\\/\\\/www.goldcrownfoundation.com\\\/\",\"name\":\"Gold Crown Foundation\",\"description\":\"\",\"publisher\":{\"@id\":\"https:\\\/\\\/www.goldcrownfoundation.com\\\/#organization\"},\"potentialAction\":[{\"@type\":\"SearchAction\",\"target\":{\"@type\":\"EntryPoint\",\"urlTemplate\":\"https:\\\/\\\/www.goldcrownfoundation.com\\\/?s={search_term_string}\"},\"query-input\":{\"@type\":\"PropertyValueSpecification\",\"valueRequired\":true,\"valueName\":\"search_term_string\"}}],\"inLanguage\":\"es\"},{\"@type\":\"Organization\",\"@id\":\"https:\\\/\\\/www.goldcrownfoundation.com\\\/#organization\",\"name\":\"Gold Crown Foundation\",\"url\":\"https:\\\/\\\/www.goldcrownfoundation.com\\\/\",\"logo\":{\"@type\":\"ImageObject\",\"inLanguage\":\"es\",\"@id\":\"https:\\\/\\\/www.goldcrownfoundation.com\\\/#\\\/schema\\\/logo\\\/image\\\/\",\"url\":\"https:\\\/\\\/www.goldcrownfoundation.com\\\/wp-content\\\/uploads\\\/2018\\\/11\\\/gcf-logo.svg\",\"contentUrl\":\"https:\\\/\\\/www.goldcrownfoundation.com\\\/wp-content\\\/uploads\\\/2018\\\/11\\\/gcf-logo.svg\",\"caption\":\"Gold Crown Foundation\"},\"image\":{\"@id\":\"https:\\\/\\\/www.goldcrownfoundation.com\\\/#\\\/schema\\\/logo\\\/image\\\/\"}}]}<\/script>\n<!-- \/ Yoast SEO plugin. -->","yoast_head_json":{"title":"Upcoming Programs - Gold Crown Foundation","description":"What's next at Gold Crown Foundation? Stay up to date on our youth sports programs for 2nd - 12 grader, depending on the season!","robots":{"index":"index","follow":"follow","max-snippet":"max-snippet:-1","max-image-preview":"max-image-preview:large","max-video-preview":"max-video-preview:-1"},"canonical":"https:\/\/www.goldcrownfoundation.com\/es\/upcoming-programs\/","og_locale":"es_MX","og_type":"article","og_title":"Upcoming Programs - Gold Crown Foundation","og_description":"What's next at Gold Crown Foundation? Stay up to date on our youth sports programs for 2nd - 12 grader, depending on the season!","og_url":"https:\/\/www.goldcrownfoundation.com\/es\/upcoming-programs\/","og_site_name":"Gold Crown Foundation","article_modified_time":"2026-02-04T18:21:18+00:00","twitter_card":"summary_large_image","twitter_misc":{"Tiempo de lectura":"5 minutos"},"schema":{"@context":"https:\/\/schema.org","@graph":[{"@type":"WebPage","@id":"https:\/\/www.goldcrownfoundation.com\/upcoming-programs\/","url":"https:\/\/www.goldcrownfoundation.com\/upcoming-programs\/","name":"Upcoming Programs - Gold Crown Foundation","isPartOf":{"@id":"https:\/\/www.goldcrownfoundation.com\/#website"},"datePublished":"2023-08-11T22:01:22+00:00","dateModified":"2026-02-04T18:21:18+00:00","description":"What's next at Gold Crown Foundation? Stay up to date on our youth sports programs for 2nd - 12 grader, depending on the season!","breadcrumb":{"@id":"https:\/\/www.goldcrownfoundation.com\/upcoming-programs\/#breadcrumb"},"inLanguage":"es","potentialAction":[{"@type":"ReadAction","target":["https:\/\/www.goldcrownfoundation.com\/upcoming-programs\/"]}]},{"@type":"BreadcrumbList","@id":"https:\/\/www.goldcrownfoundation.com\/upcoming-programs\/#breadcrumb","itemListElement":[{"@type":"ListItem","position":1,"name":"Home","item":"https:\/\/www.goldcrownfoundation.com\/"},{"@type":"ListItem","position":2,"name":"Upcoming Programs"}]},{"@type":"WebSite","@id":"https:\/\/www.goldcrownfoundation.com\/#website","url":"https:\/\/www.goldcrownfoundation.com\/","name":"Fundaci\u00f3n Corona de Oro","description":"","publisher":{"@id":"https:\/\/www.goldcrownfoundation.com\/#organization"},"potentialAction":[{"@type":"SearchAction","target":{"@type":"EntryPoint","urlTemplate":"https:\/\/www.goldcrownfoundation.com\/?s={search_term_string}"},"query-input":{"@type":"PropertyValueSpecification","valueRequired":true,"valueName":"search_term_string"}}],"inLanguage":"es"},{"@type":"Organization","@id":"https:\/\/www.goldcrownfoundation.com\/#organization","name":"Fundaci\u00f3n Corona de Oro","url":"https:\/\/www.goldcrownfoundation.com\/","logo":{"@type":"ImageObject","inLanguage":"es","@id":"https:\/\/www.goldcrownfoundation.com\/#\/schema\/logo\/image\/","url":"https:\/\/www.goldcrownfoundation.com\/wp-content\/uploads\/2018\/11\/gcf-logo.svg","contentUrl":"https:\/\/www.goldcrownfoundation.com\/wp-content\/uploads\/2018\/11\/gcf-logo.svg","caption":"Gold Crown Foundation"},"image":{"@id":"https:\/\/www.goldcrownfoundation.com\/#\/schema\/logo\/image\/"}}]}},"_links":{"self":[{"href":"https:\/\/www.goldcrownfoundation.com\/es\/wp-json\/wp\/v2\/pages\/20922","targetHints":{"allow":["GET"]}}],"collection":[{"href":"https:\/\/www.goldcrownfoundation.com\/es\/wp-json\/wp\/v2\/pages"}],"about":[{"href":"https:\/\/www.goldcrownfoundation.com\/es\/wp-json\/wp\/v2\/types\/page"}],"author":[{"embeddable":true,"href":"https:\/\/www.goldcrownfoundation.com\/es\/wp-json\/wp\/v2\/users\/2"}],"replies":[{"embeddable":true,"href":"https:\/\/www.goldcrownfoundation.com\/es\/wp-json\/wp\/v2\/comments?post=20922"}],"version-history":[{"count":0,"href":"https:\/\/www.goldcrownfoundation.com\/es\/wp-json\/wp\/v2\/pages\/20922\/revisions"}],"wp:attachment":[{"href":"https:\/\/www.goldcrownfoundation.com\/es\/wp-json\/wp\/v2\/media?parent=20922"}],"curies":[{"name":"wp","href":"https:\/\/api.w.org\/{rel}","templated":true}]}}