{"id":3,"date":"2018-11-05T17:34:10","date_gmt":"2018-11-05T17:34:10","guid":{"rendered":"https:\/\/www.goldcrownfoundation.com\/?page_id=3"},"modified":"2019-09-11T10:02:44","modified_gmt":"2019-09-11T16:02:44","slug":"privacy-policy","status":"publish","type":"page","link":"https:\/\/www.goldcrownfoundation.com\/es\/privacy-policy\/","title":{"rendered":"Pol\u00edtica de Privacidad"},"content":{"rendered":"<p>Nuestro compromiso con la privacidad<\/p>\n<p>Su privacidad es importante para nosotros. Para proteger mejor su privacidad, le proporcionamos este aviso explicando nuestras pr\u00e1cticas de informaci\u00f3n en l\u00ednea y las opciones que puede elegir sobre la forma en que su informaci\u00f3n es recopilada y utilizada. Para que sea f\u00e1cil encontrar este aviso, lo ponemos a su disposici\u00f3n en nuestra p\u00e1gina de inicio y en todos los puntos en los que se solicite informaci\u00f3n personal identificable. Nuestra pol\u00edtica de privacidad est\u00e1 dise\u00f1ada para informarle del tipo de informaci\u00f3n que recogemos, c\u00f3mo la utilizamos y las circunstancias en las que la compartiremos con terceros no afiliados.<\/p>\n<p>Recogida y uso de la informaci\u00f3n<\/p>\n<p>La Fundaci\u00f3n Corona de Oro es la \u00fanica propietaria de la informaci\u00f3n recopilada en este sitio. No venderemos, compartiremos ni alquilaremos esta informaci\u00f3n a terceros de manera diferente a la que hemos revelado en esta declaraci\u00f3n. Fundaci\u00f3n Corona de Oro recoge informaci\u00f3n de nuestros usuarios en varios puntos diferentes de nuestro sitio web. Ejemplos de los tipos de informaci\u00f3n personal no p\u00fablica recogida en estas p\u00e1ginas son:<\/p>\n<ul>\n<li>Nombre<\/li>\n<li>Direcci\u00f3n<\/li>\n<li>Direcci\u00f3n web<\/li>\n<li>Direcci\u00f3n de correo electr\u00f3nico<\/li>\n<li>N\u00famero de tel\u00e9fono<\/li>\n<li>Informaci\u00f3n sobre pedidos<\/li>\n<li>Datos de la tarjeta de cr\u00e9dito\/d\u00e9bito<\/li>\n<li>Informaci\u00f3n sobre la cuenta corriente<\/li>\n<li>N\u00famero de permiso de conducir<\/li>\n<li>N\u00famero de la Seguridad Social<\/li>\n<li>N\u00famero de identificaci\u00f3n fiscal\/n\u00famero de identificaci\u00f3n de la empresa (EIN)<\/li>\n<\/ul>\n<p>Adem\u00e1s, recogemos informaci\u00f3n personal no p\u00fablica sobre usted de las siguientes fuentes (adem\u00e1s de nuestro sitio web):<\/p>\n<ul>\n<li>Informaci\u00f3n que recibimos de usted en solicitudes u otros formularios<\/li>\n<li>Informaci\u00f3n sobre sus transacciones con nosotros, nuestros afiliados y otros<\/li>\n<li>Informaci\u00f3n que recibimos de una agencia de informaci\u00f3n al consumidor<\/li>\n<\/ul>\n<p>Categor\u00edas de Terceros No Afiliados a Quienes Podemos Divulgar Informaci\u00f3n Personal No P\u00fablica Los terceros no afiliados son aquellas compa\u00f1\u00edas que no est\u00e1n bajo la propiedad o control directo o indirecto de la Fundaci\u00f3n Corona de Oro. S\u00f3lo revelamos informaci\u00f3n personal sobre usted a los siguientes tipos de terceros no afiliados: Proveedores de servicios financieros, como empresas dedicadas a la banca, tarjetas de cr\u00e9dito y financiaci\u00f3n al consumo.<\/p>\n<p>Tambi\u00e9n podemos compartir la informaci\u00f3n que recopilamos, seg\u00fan lo descrito anteriormente, con otros terceros no afiliados, como terceros que pueden ayudarnos a preparar extractos mensuales y agencias de informaci\u00f3n crediticia a las que comunicamos informaci\u00f3n sobre sus transacciones con nosotros.<\/p>\n<p>Tenga en cuenta que los derechos de exclusi\u00f3n que se describen a continuaci\u00f3n no se aplicar\u00e1n al intercambio de informaci\u00f3n necesario para que podamos procesar las solicitudes, como con las agencias de informes de los consumidores, o para prestar los servicios que usted solicite.<\/p>\n<p>Otro ejemplo:<\/p>\n<p><strong>Inscripci\u00f3n <\/strong>Para utilizar este sitio web, el usuario debe rellenar primero el formulario de registro. Durante el registro, el usuario debe facilitar todos sus datos de contacto. Esta informaci\u00f3n se utiliza para evaluar la solicitud y ponerse en contacto con el usuario sobre los servicios de nuestro sitio por los que ha expresado inter\u00e9s. Para que este sitio web pueda cumplir adecuadamente su obligaci\u00f3n para con nuestros clientes, es necesario que complementemos la informaci\u00f3n que recibimos con informaci\u00f3n procedente de fuentes de terceros.<\/p>\n<p><strong>Pida<\/strong> Solicitamos informaci\u00f3n a los consumidores que compran en nuestros comercios registrados a trav\u00e9s de nuestra cesta de la compra y nuestras interfaces de procesamiento de pedidos. Aqu\u00ed, el usuario debe proporcionar informaci\u00f3n de contacto (como nombre y direcci\u00f3n de env\u00edo), informaci\u00f3n financiera (como n\u00famero de tarjeta de cr\u00e9dito, fecha de caducidad) e informaci\u00f3n de identidad (como n\u00famero de la seguridad social o n\u00famero de identificaci\u00f3n fiscal). Esta informaci\u00f3n se utiliza para tramitar los pedidos de los clientes, a efectos de facturaci\u00f3n, y para verificar la identidad del consumidor con el fin de protegerlo contra el fraude. Si tenemos problemas para tramitar un pedido, esta informaci\u00f3n de contacto se utiliza para ponernos en contacto con el usuario.<\/p>\n<p><strong>Cookies<\/strong> Una cookie es un fragmento de datos almacenado en el disco duro del usuario que contiene informaci\u00f3n sobre \u00e9ste. El uso de una cookie no est\u00e1 vinculado en modo alguno a ninguna informaci\u00f3n personal identificable durante la visita a nuestro sitio. Una vez que el usuario cierra su navegador, la cookie simplemente termina.<\/p>\n<p><strong>Archivos de registro<\/strong> Utilizamos las direcciones IP para analizar tendencias, administrar el sitio, rastrear los movimientos de los usuarios y recopilar informaci\u00f3n demogr\u00e1fica general para uso agregado. Las direcciones IP no est\u00e1n vinculadas a informaci\u00f3n personal identificable.<\/p>\n<p><strong>Compartir<\/strong> Nos asociamos con terceros para prestar servicios espec\u00edficos. Cuando el usuario se inscriba en estos servicios, compartiremos los nombres u otra informaci\u00f3n de contacto que sea necesaria para que el tercero preste estos servicios. Estas partes no est\u00e1n autorizadas a utilizar informaci\u00f3n no p\u00fablica de identificaci\u00f3n personal excepto para la prestaci\u00f3n de estos servicios. Por lo dem\u00e1s, no revelamos informaci\u00f3n no p\u00fablica a nadie, salvo en los casos permitidos por la ley.<\/p>\n<p><strong>Enlaces<\/strong> Este sitio web contiene enlaces a otros sitios. Tenga en cuenta que nosotros, la Fundaci\u00f3n Corona de Oro, no somos responsables de las pr\u00e1cticas de privacidad de esos otros sitios. Animamos a nuestros usuarios a que est\u00e9n atentos cuando salgan de nuestro sitio y a que lean las declaraciones de privacidad de todos y cada uno de los sitios web que recopilan informaci\u00f3n de identificaci\u00f3n personal. Esta declaraci\u00f3n de privacidad se aplica \u00fanicamente a la informaci\u00f3n recogida por este sitio web. Los operadores pueden estar sujetos a la normativa sobre privacidad de la FTC y, en tal caso, (i) la normativa de la FTC contiene modelos de declaraciones que los operadores pueden tener en cuenta; y (ii) puede exigirse a los operadores que env\u00eden notificaciones anuales adem\u00e1s de las declaraciones iniciales a sus clientes.<\/p>\n<p><strong>Seguridad<\/strong> Este sitio web toma precauciones para proteger la informaci\u00f3n de nuestros usuarios. Cuando los usuarios env\u00edan informaci\u00f3n sensible a trav\u00e9s del sitio web, su informaci\u00f3n est\u00e1 protegida tanto en l\u00ednea como fuera de l\u00ednea. Cuando nuestro formulario de registro\/pedido pide a los usuarios que introduzcan informaci\u00f3n confidencial (como el n\u00famero de tarjeta de cr\u00e9dito, el n\u00famero de la seguridad social y\/o el n\u00famero de identificaci\u00f3n fiscal), esa informaci\u00f3n se encripta y se protege con software de encriptaci\u00f3n SSL. Cuando se est\u00e1 en una p\u00e1gina segura, como nuestro formulario de pedido, el icono del candado que aparece en la parte inferior de navegadores como Netscape Navigator y Microsoft Internet Explorer se bloquea, en lugar de desbloquearse o abrirse cuando s\u00f3lo se est\u00e1 \"navegando\". Aunque utilizamos el cifrado SSL para proteger la informaci\u00f3n confidencial en l\u00ednea, tambi\u00e9n protegemos la informaci\u00f3n de los usuarios fuera de l\u00ednea. Toda la informaci\u00f3n de nuestros usuarios, no s\u00f3lo la informaci\u00f3n sensible mencionada anteriormente, est\u00e1 restringida en nuestras oficinas. S\u00f3lo los empleados que necesitan la informaci\u00f3n para realizar un trabajo espec\u00edfico (por ejemplo, nuestro empleado de facturaci\u00f3n o un representante de atenci\u00f3n al cliente) tienen acceso a la informaci\u00f3n personal identificable. Nuestros empleados deben utilizar salvapantallas protegidos con contrase\u00f1a cuando abandonan su puesto. Cuando regresan, deben volver a introducir su contrase\u00f1a para volver a acceder a su informaci\u00f3n. Adem\u00e1s, TODOS los empleados reciben informaci\u00f3n actualizada sobre nuestras pr\u00e1cticas de seguridad y privacidad. Cada trimestre, as\u00ed como cada vez que se a\u00f1aden nuevas pol\u00edticas, se notifica y\/o recuerda a nuestros empleados la importancia que concedemos a la privacidad y lo que pueden hacer para garantizar la protecci\u00f3n de la informaci\u00f3n de nuestros clientes. Por \u00faltimo, los servidores en los que almacenamos la informaci\u00f3n de identificaci\u00f3n personal se guardan en un entorno seguro, detr\u00e1s de una puerta o jaula cerrada con llave. Si tiene alguna pregunta sobre la seguridad de nuestro sitio web, puede enviar un correo electr\u00f3nico a <a href=\"mailto:kpetty@goldcrownmgmt.com\">kpetty@goldcrownmgmt.com<\/a><\/p>\n<p><strong>Actualizaciones del sitio y de los servicios<\/strong> Tambi\u00e9n enviamos al usuario actualizaciones del sitio y anuncios de servicio. Podemos cerrar su cuenta y\/o denegarle servicios adicionales si los usuarios se dan de baja de los anuncios de servicio, que contienen informaci\u00f3n importante sobre el servicio. Nos comunicamos con el usuario para prestarle los servicios solicitados y en relaci\u00f3n con cuestiones relativas a su cuenta por correo electr\u00f3nico, fax o tel\u00e9fono.<\/p>\n<p><strong>Correcci\u00f3n\/actualizaci\u00f3n de datos personales:<\/strong> Si la informaci\u00f3n personal no p\u00fablica de un usuario cambia (como su c\u00f3digo postal), o si un usuario ya no desea nuestro servicio, nos esforzaremos por proporcionar una forma de corregir, actualizar o eliminar los datos personales de ese usuario que nos haya proporcionado. Por lo general, esto puede hacerse llamando a nuestra sede central al (303) 773-1442 o enviando un correo electr\u00f3nico a nuestro Departamento de Atenci\u00f3n al Cliente a la direcci\u00f3n <a href=\"mailto:moverton@goldcrownfoundation.com\">moverton@goldcrownfoundation.com<\/a> para m\u00e1s instrucciones.<\/p>\n<p><strong>Requisitos de exclusi\u00f3n voluntaria:<\/strong> Seg\u00fan lo dispuesto en esta pol\u00edtica, s\u00f3lo proporcionamos su informaci\u00f3n personal no p\u00fablica a un tercero no afiliado en relaci\u00f3n con los servicios que usted ha solicitado que le prestemos. Todos los terceros no afiliados a los que revelamos su informaci\u00f3n personal no p\u00fablica tienen contractualmente prohibido por nuestra parte revelar o utilizar la informaci\u00f3n para fines distintos de la realizaci\u00f3n de las transacciones que usted haya solicitado. Por consiguiente, el usuario no tiene nada que objetar con respecto a la forma en que utilizamos actualmente su informaci\u00f3n personal no p\u00fablica.<\/p>\n<p><strong>Notificaci\u00f3n de cambios<\/strong> Si decidimos modificar nuestra pol\u00edtica de privacidad, publicaremos los cambios en nuestra p\u00e1gina de inicio para que nuestros usuarios sepan en todo momento qu\u00e9 informaci\u00f3n recopilamos, c\u00f3mo la utilizamos y en qu\u00e9 circunstancias, en su caso, la revelamos. Si en alg\u00fan momento decidimos utilizar la informaci\u00f3n de identificaci\u00f3n personal de una forma distinta a la indicada en el momento de su recopilaci\u00f3n, lo notificaremos a los usuarios mediante un correo electr\u00f3nico o un env\u00edo postal a EE.UU. para que puedan \"excluirse\" en caso de que utilicemos su informaci\u00f3n de esta forma distinta. Utilizaremos la informaci\u00f3n de acuerdo con la pol\u00edtica de privacidad en virtud de la cual se recopil\u00f3.<\/p>\n<p><b>Pol\u00edtica de reembolso y cancelaci\u00f3n\u00a0<\/b>A menos que se indique lo contrario, cada programa Gold Crown no ser\u00e1 reembolsable una vez iniciado el programa.  Si se recibe una solicitud de reembolso antes del inicio de un programa Gold Crown, Gold Crown emitir\u00e1 un reembolso menos una tasa de tramitaci\u00f3n de 15%. Si Gold Crown cancela un evento, se emitir\u00e1 un reembolso completo. <strong>Excepci\u00f3n por lesi\u00f3n: <\/strong>Si un jugador se lesiona despu\u00e9s de la primera fecha del programa Gold Crown, Gold Crown emitir\u00e1 un reembolso prorrateado s\u00f3lo si ese jugador proporciona una nota del m\u00e9dico.  No se emitir\u00e1 ning\u00fan reembolso prorrateado si no se presenta una nota del m\u00e9dico.  Los reembolsos por lesi\u00f3n se prorratear\u00e1n.  El c\u00e1lculo depender\u00e1 del tipo de evento y de su duraci\u00f3n.<\/p>","protected":false},"excerpt":{"rendered":"<p>Our Commitment to Privacy Your privacy is important to us. To better protect your privacy we provide this notice explaining our online information practices and the choices you can make [&hellip;]<\/p>\n","protected":false},"author":1,"featured_media":0,"parent":0,"menu_order":0,"comment_status":"closed","ping_status":"open","template":"","meta":{"inline_featured_image":false,"_monsterinsights_skip_tracking":false,"_monsterinsights_sitenote_active":false,"_monsterinsights_sitenote_note":"","_monsterinsights_sitenote_category":0,"footnotes":""},"class_list":["post-3","page","type-page","status-publish","hentry","post"],"yoast_head":"<!-- This site is optimized with the Yoast SEO plugin v27.3 - https:\/\/yoast.com\/product\/yoast-seo-wordpress\/ -->\n<title>Privacy Policy - Gold Crown Foundation<\/title>\n<meta name=\"robots\" content=\"index, follow, max-snippet:-1, max-image-preview:large, max-video-preview:-1\" \/>\n<link rel=\"canonical\" href=\"https:\/\/www.goldcrownfoundation.com\/es\/privacy-policy\/\" \/>\n<meta property=\"og:locale\" content=\"es_MX\" \/>\n<meta property=\"og:type\" content=\"article\" \/>\n<meta property=\"og:title\" content=\"Privacy Policy - Gold Crown Foundation\" \/>\n<meta property=\"og:description\" content=\"Our Commitment to Privacy Your privacy is important to us. To better protect your privacy we provide this notice explaining our online information practices and the choices you can make [&hellip;]\" \/>\n<meta property=\"og:url\" content=\"https:\/\/www.goldcrownfoundation.com\/es\/privacy-policy\/\" \/>\n<meta property=\"og:site_name\" content=\"Gold Crown Foundation\" \/>\n<meta property=\"article:modified_time\" content=\"2019-09-11T16:02:44+00:00\" \/>\n<meta name=\"twitter:card\" content=\"summary_large_image\" \/>\n<meta name=\"twitter:label1\" content=\"Tiempo de lectura\" \/>\n\t<meta name=\"twitter:data1\" content=\"8 minutos\" \/>\n<script type=\"application\/ld+json\" class=\"yoast-schema-graph\">{\"@context\":\"https:\\\/\\\/schema.org\",\"@graph\":[{\"@type\":\"WebPage\",\"@id\":\"https:\\\/\\\/www.goldcrownfoundation.com\\\/es\\\/privacy-policy\\\/\",\"url\":\"https:\\\/\\\/www.goldcrownfoundation.com\\\/es\\\/privacy-policy\\\/\",\"name\":\"Privacy Policy - Gold Crown Foundation\",\"isPartOf\":{\"@id\":\"https:\\\/\\\/www.goldcrownfoundation.com\\\/#website\"},\"datePublished\":\"2018-11-05T17:34:10+00:00\",\"dateModified\":\"2019-09-11T16:02:44+00:00\",\"breadcrumb\":{\"@id\":\"https:\\\/\\\/www.goldcrownfoundation.com\\\/es\\\/privacy-policy\\\/#breadcrumb\"},\"inLanguage\":\"es\",\"potentialAction\":[{\"@type\":\"ReadAction\",\"target\":[\"https:\\\/\\\/www.goldcrownfoundation.com\\\/es\\\/privacy-policy\\\/\"]}]},{\"@type\":\"BreadcrumbList\",\"@id\":\"https:\\\/\\\/www.goldcrownfoundation.com\\\/es\\\/privacy-policy\\\/#breadcrumb\",\"itemListElement\":[{\"@type\":\"ListItem\",\"position\":1,\"name\":\"Home\",\"item\":\"https:\\\/\\\/www.goldcrownfoundation.com\\\/\"},{\"@type\":\"ListItem\",\"position\":2,\"name\":\"Privacy Policy\"}]},{\"@type\":\"WebSite\",\"@id\":\"https:\\\/\\\/www.goldcrownfoundation.com\\\/#website\",\"url\":\"https:\\\/\\\/www.goldcrownfoundation.com\\\/\",\"name\":\"Gold Crown Foundation\",\"description\":\"\",\"publisher\":{\"@id\":\"https:\\\/\\\/www.goldcrownfoundation.com\\\/#organization\"},\"potentialAction\":[{\"@type\":\"SearchAction\",\"target\":{\"@type\":\"EntryPoint\",\"urlTemplate\":\"https:\\\/\\\/www.goldcrownfoundation.com\\\/?s={search_term_string}\"},\"query-input\":{\"@type\":\"PropertyValueSpecification\",\"valueRequired\":true,\"valueName\":\"search_term_string\"}}],\"inLanguage\":\"es\"},{\"@type\":\"Organization\",\"@id\":\"https:\\\/\\\/www.goldcrownfoundation.com\\\/#organization\",\"name\":\"Gold Crown Foundation\",\"url\":\"https:\\\/\\\/www.goldcrownfoundation.com\\\/\",\"logo\":{\"@type\":\"ImageObject\",\"inLanguage\":\"es\",\"@id\":\"https:\\\/\\\/www.goldcrownfoundation.com\\\/#\\\/schema\\\/logo\\\/image\\\/\",\"url\":\"https:\\\/\\\/www.goldcrownfoundation.com\\\/wp-content\\\/uploads\\\/2018\\\/11\\\/gcf-logo.svg\",\"contentUrl\":\"https:\\\/\\\/www.goldcrownfoundation.com\\\/wp-content\\\/uploads\\\/2018\\\/11\\\/gcf-logo.svg\",\"caption\":\"Gold Crown Foundation\"},\"image\":{\"@id\":\"https:\\\/\\\/www.goldcrownfoundation.com\\\/#\\\/schema\\\/logo\\\/image\\\/\"}}]}<\/script>\n<!-- \/ Yoast SEO plugin. -->","yoast_head_json":{"title":"Privacy Policy - Gold Crown Foundation","robots":{"index":"index","follow":"follow","max-snippet":"max-snippet:-1","max-image-preview":"max-image-preview:large","max-video-preview":"max-video-preview:-1"},"canonical":"https:\/\/www.goldcrownfoundation.com\/es\/privacy-policy\/","og_locale":"es_MX","og_type":"article","og_title":"Privacy Policy - Gold Crown Foundation","og_description":"Our Commitment to Privacy Your privacy is important to us. To better protect your privacy we provide this notice explaining our online information practices and the choices you can make [&hellip;]","og_url":"https:\/\/www.goldcrownfoundation.com\/es\/privacy-policy\/","og_site_name":"Gold Crown Foundation","article_modified_time":"2019-09-11T16:02:44+00:00","twitter_card":"summary_large_image","twitter_misc":{"Tiempo de lectura":"8 minutos"},"schema":{"@context":"https:\/\/schema.org","@graph":[{"@type":"WebPage","@id":"https:\/\/www.goldcrownfoundation.com\/es\/privacy-policy\/","url":"https:\/\/www.goldcrownfoundation.com\/es\/privacy-policy\/","name":"Privacy Policy - Gold Crown Foundation","isPartOf":{"@id":"https:\/\/www.goldcrownfoundation.com\/#website"},"datePublished":"2018-11-05T17:34:10+00:00","dateModified":"2019-09-11T16:02:44+00:00","breadcrumb":{"@id":"https:\/\/www.goldcrownfoundation.com\/es\/privacy-policy\/#breadcrumb"},"inLanguage":"es","potentialAction":[{"@type":"ReadAction","target":["https:\/\/www.goldcrownfoundation.com\/es\/privacy-policy\/"]}]},{"@type":"BreadcrumbList","@id":"https:\/\/www.goldcrownfoundation.com\/es\/privacy-policy\/#breadcrumb","itemListElement":[{"@type":"ListItem","position":1,"name":"Home","item":"https:\/\/www.goldcrownfoundation.com\/"},{"@type":"ListItem","position":2,"name":"Privacy Policy"}]},{"@type":"WebSite","@id":"https:\/\/www.goldcrownfoundation.com\/#website","url":"https:\/\/www.goldcrownfoundation.com\/","name":"Fundaci\u00f3n Corona de Oro","description":"","publisher":{"@id":"https:\/\/www.goldcrownfoundation.com\/#organization"},"potentialAction":[{"@type":"SearchAction","target":{"@type":"EntryPoint","urlTemplate":"https:\/\/www.goldcrownfoundation.com\/?s={search_term_string}"},"query-input":{"@type":"PropertyValueSpecification","valueRequired":true,"valueName":"search_term_string"}}],"inLanguage":"es"},{"@type":"Organization","@id":"https:\/\/www.goldcrownfoundation.com\/#organization","name":"Fundaci\u00f3n Corona de Oro","url":"https:\/\/www.goldcrownfoundation.com\/","logo":{"@type":"ImageObject","inLanguage":"es","@id":"https:\/\/www.goldcrownfoundation.com\/#\/schema\/logo\/image\/","url":"https:\/\/www.goldcrownfoundation.com\/wp-content\/uploads\/2018\/11\/gcf-logo.svg","contentUrl":"https:\/\/www.goldcrownfoundation.com\/wp-content\/uploads\/2018\/11\/gcf-logo.svg","caption":"Gold Crown Foundation"},"image":{"@id":"https:\/\/www.goldcrownfoundation.com\/#\/schema\/logo\/image\/"}}]}},"_links":{"self":[{"href":"https:\/\/www.goldcrownfoundation.com\/es\/wp-json\/wp\/v2\/pages\/3","targetHints":{"allow":["GET"]}}],"collection":[{"href":"https:\/\/www.goldcrownfoundation.com\/es\/wp-json\/wp\/v2\/pages"}],"about":[{"href":"https:\/\/www.goldcrownfoundation.com\/es\/wp-json\/wp\/v2\/types\/page"}],"author":[{"embeddable":true,"href":"https:\/\/www.goldcrownfoundation.com\/es\/wp-json\/wp\/v2\/users\/1"}],"replies":[{"embeddable":true,"href":"https:\/\/www.goldcrownfoundation.com\/es\/wp-json\/wp\/v2\/comments?post=3"}],"version-history":[{"count":0,"href":"https:\/\/www.goldcrownfoundation.com\/es\/wp-json\/wp\/v2\/pages\/3\/revisions"}],"wp:attachment":[{"href":"https:\/\/www.goldcrownfoundation.com\/es\/wp-json\/wp\/v2\/media?parent=3"}],"curies":[{"name":"wp","href":"https:\/\/api.w.org\/{rel}","templated":true}]}}