{"id":40,"date":"2018-11-05T15:36:04","date_gmt":"2018-11-05T22:36:04","guid":{"rendered":"https:\/\/www.goldcrownfoundation.com\/give-to-gcf\/"},"modified":"2025-12-16T09:08:44","modified_gmt":"2025-12-16T16:08:44","slug":"givetogcf","status":"publish","type":"page","link":"https:\/\/www.goldcrownfoundation.com\/es\/givetogcf\/","title":{"rendered":"Dar a GCF"},"content":{"rendered":"<div id=\"pl-40\"  class=\"panel-layout\" ><div id=\"pg-40-0\"  class=\"panel-grid panel-no-style\" ><div id=\"pgc-40-0-0\"  class=\"panel-grid-cell\" ><div id=\"panel-40-0-0-0\" class=\"so-panel widget widget_sow-editor panel-first-child\" data-index=\"0\" ><div class=\"panel-widget-style panel-widget-style-for-40-0-0-0\" ><div\n\t\t\t\n\t\t\tclass=\"so-widget-sow-editor so-widget-sow-editor-base\"\n\t\t\t\n\t\t>\n<div class=\"siteorigin-widget-tinymce textwidget\">\n\t<p>Gracias por hacer un donativo. \u00bfSab\u00eda usted que\u00a0 <strong>La Fundaci\u00f3n Corona de Oro necesita recaudar $1,5 millones anuales para cubrir gastos<\/strong> como base?<\/p>\n<p>We also gave back almost $830,000 in our last fiscal year to our community and participants through various programs such as:<\/p>\n<ul>\n<li>$93,838 through the Gold Crown Sports Programs Scholarship Fund<\/li>\n<li>$681,130 through the Gold Crown Enrichment Programs<\/li>\n<li>$54,582 through donated facility time to community partners such as Special Olympics, NSCD and Jeffco Adapted PE.<\/li>\n<\/ul>\n<p>Agradecemos su apoyo mientras preparamos a los ni\u00f1os para el juego de la vida.<\/p>\n<\/div>\n<\/div><\/div><\/div><div id=\"panel-40-0-0-1\" class=\"so-panel widget widget_carousel panel-last-child\" data-index=\"1\" ><div\n\t\t\t\n\t\t\tclass=\"so-widget-carousel so-widget-carousel-carousel-654223f08751-40\"\n\t\t\t\n\t\t><div class=\"widget-wrap\">\n  <div class=\"owl-carousel owl-theme\" id=\"owl-\">\n        <div>\n              <img decoding=\"async\" src=\"https:\/\/www.goldcrownfoundation.com\/wp-content\/uploads\/2024\/12\/24-Give-Flag-Football.png\">\n      \n          <\/div>\n        <div>\n              <img decoding=\"async\" src=\"https:\/\/www.goldcrownfoundation.com\/wp-content\/uploads\/2024\/12\/24-Give-HTTP.png\">\n      \n          <\/div>\n        <div>\n              <img decoding=\"async\" src=\"https:\/\/www.goldcrownfoundation.com\/wp-content\/uploads\/2024\/12\/24-Give-Boys-BBall.png\">\n      \n          <\/div>\n        <div>\n              <img decoding=\"async\" src=\"https:\/\/www.goldcrownfoundation.com\/wp-content\/uploads\/2024\/12\/24-Give-Enrichment.png\">\n      \n          <\/div>\n        <div>\n              <img decoding=\"async\" src=\"https:\/\/www.goldcrownfoundation.com\/wp-content\/uploads\/2024\/12\/24-Give-Hanz-Camp.png\">\n      \n          <\/div>\n        <div>\n              <img decoding=\"async\" src=\"https:\/\/www.goldcrownfoundation.com\/wp-content\/uploads\/2024\/12\/24-Give-Girls-BBall.png\">\n      \n          <\/div>\n        <div>\n              <img decoding=\"async\" src=\"https:\/\/www.goldcrownfoundation.com\/wp-content\/uploads\/2024\/12\/24-Give-Golf.png\">\n      \n          <\/div>\n        <div>\n              <img decoding=\"async\" src=\"https:\/\/www.goldcrownfoundation.com\/wp-content\/uploads\/2024\/12\/24-Give-HKE.png\">\n      \n          <\/div>\n      <\/div>\n<\/div>\n\n<script type=\"text\/javascript\">\njQuery(document).ready(function() {\n  jQuery(\"#owl-\").owlCarousel({\n    items: 3,\n    margin: 15,\n    loop: true,\n    center: false,\n    nav: false,\n    dots: false,\n    autoplay: true,\n    autoplayTimeout: 5000,\n    autoplayHoverPause: true,\n        responsive: {\n      0 : {\n        items: 1\n      },\n      780 : {\n        items: 2\n      },\n      1024 : {\n        items: 3\n      }\n    }\n      });\n});\n<\/script><\/div><\/div><\/div><\/div><div id=\"pg-40-1\"  class=\"panel-grid panel-no-style\" ><div id=\"pgc-40-1-0\"  class=\"panel-grid-cell\" ><div id=\"panel-40-1-0-0\" class=\"so-panel widget widget_sow-headline panel-first-child panel-last-child\" data-index=\"2\" ><div\n\t\t\t\n\t\t\tclass=\"so-widget-sow-headline so-widget-sow-headline-default-eafff46c4538-40\"\n\t\t\t\n\t\t><div class=\"sow-headline-container\">\n\t\t\t\t\t\t\t<h2 class=\"sow-headline\">\n\t\t\t\t\t\tFORMAS DE DONAR\t\t\t\t\t\t<\/h2>\n\t\t\t\t\t\t\t\t\t\t\t<div class=\"decoration\">\n\t\t\t\t\t\t<div class=\"decoration-inside\"><\/div>\n\t\t\t\t\t<\/div>\n\t\t\t\t\t<\/div>\n<\/div><\/div><\/div><\/div><div id=\"pg-40-2\"  class=\"panel-grid panel-no-style\" ><div id=\"pgc-40-2-0\"  class=\"panel-grid-cell\" ><div id=\"panel-40-2-0-0\" class=\"so-panel widget widget_siteorigin-panels-builder panel-first-child panel-last-child\" data-index=\"3\" ><div id=\"pl-w6760a5d95937c\"  class=\"panel-layout\" ><div id=\"pg-w6760a5d95937c-0\"  class=\"panel-grid panel-no-style\" ><div id=\"pgc-w6760a5d95937c-0-0\"  class=\"panel-grid-cell\" ><div id=\"panel-w6760a5d95937c-0-0-0\" class=\"so-panel widget widget_sow-editor panel-first-child\" data-index=\"0\" ><div\n\t\t\t\n\t\t\tclass=\"so-widget-sow-editor so-widget-sow-editor-base\"\n\t\t\t\n\t\t>\n<div class=\"siteorigin-widget-tinymce textwidget\">\n\t<h3>Un cheque<\/h3>\n<p>Haga los cheques pagados a Gold Crown Foundation<br \/>\nEnv\u00edelos a:<br \/>\nFundaci\u00f3n Corona de Oro<br \/>\n1743 Wazee Street Suite 300<br \/>\nDenver, CO 80202<\/p>\n<h3>Donate Online<\/h3>\n<p>Visit our Colorado Gives page or use the form to the right.<\/p>\n<\/div>\n<\/div><\/div><div id=\"panel-w6760a5d95937c-0-0-1\" class=\"so-panel widget widget_sow-button\" data-index=\"1\" ><div\n\t\t\t\n\t\t\tclass=\"so-widget-sow-button so-widget-sow-button-wire-4f266d1c8184\"\n\t\t\t\n\t\t><div class=\"ow-button-base ow-button-align-center\"\n>\n\t\t\t<a\n\t\t\t\t\thref=\"https:\/\/www.coloradogives.org\/organization\/GoldCrownFoundation\"\n\t\t\t\t\tclass=\"sowb-button ow-icon-placement-left\" target=\"_blank\" rel=\"noopener noreferrer\" \t>\n\t\t<span>\n\t\t\t\n\t\t\tColorado Gives\t\t<\/span>\n\t\t\t<\/a>\n\t<\/div>\n<\/div><\/div><div id=\"panel-w6760a5d95937c-0-0-2\" class=\"so-panel widget widget_sow-editor panel-last-child\" data-index=\"2\" ><div\n\t\t\t\n\t\t\tclass=\"so-widget-sow-editor so-widget-sow-editor-base\"\n\t\t\t\n\t\t>\n<div class=\"siteorigin-widget-tinymce textwidget\">\n\t<h3>REGALOS DE STOCK<\/h3>\n<p>Podemos aceptar donaciones de valores (acciones, bonos o fondos mutuos) como regalo o como prenda. Su deducci\u00f3n fiscal es igual al valor justo de mercado y puede permitirle evitar impuestos sobre las ganancias de capital en la transferencia. Gold Crown Foundation tiene una cuenta con Wells Fargo Advisors.<\/p>\n<p>Contacto para informaci\u00f3n de transferencia de acciones:<u><br \/>\n<\/u>Kevin Petty<br \/>\nDirector Ejecutivo de Gold Crown<br \/>\n303-773-1442<\/p>\n<h3>Programa de Matching para Empleados<\/h3>\n<p>Muchos empleadores patrocinan programas de donaci\u00f3n que igualan a organizaciones ben\u00e9ficas, duplicando su oportunidad de dar regalos. Si su empresa tiene un programa de contrapartida, puede enviar la documentaci\u00f3n de su donaci\u00f3n para activar la donaci\u00f3n de contrapartida. Para solicitar documentaci\u00f3n a Gold Crown Foundation, env\u00ede un <a href=\"mailto:tleipheimer@goldcrownmgmt.com\">correo electr\u00f3nico a Tara<\/a>.<\/p>\n<\/div>\n<\/div><\/div><\/div><\/div><\/div><\/div><\/div><div id=\"pgc-40-2-1\"  class=\"panel-grid-cell\" ><div id=\"panel-40-2-1-0\" class=\"widget_text so-panel widget widget_custom_html panel-first-child panel-last-child\" data-index=\"4\" ><div class=\"textwidget custom-html-widget\"><script type=\"text\/javascript\" src=\"https:\/\/form.jotform.com\/jsform\/83516106984159\"><\/script><\/div><\/div><\/div><\/div><div id=\"pg-40-3\"  class=\"panel-grid panel-no-style\" ><div id=\"pgc-40-3-0\"  class=\"panel-grid-cell\" ><div id=\"panel-40-3-0-0\" class=\"so-panel widget widget_sow-button panel-first-child panel-last-child\" data-index=\"5\" ><div\n\t\t\t\n\t\t\tclass=\"so-widget-sow-button so-widget-sow-button-flat-6a388bbc23d3-40\"\n\t\t\t\n\t\t><div class=\"ow-button-base ow-button-align-center\"\n>\n\t\t\t<a\n\t\t\t\t\thref=\"https:\/\/www.goldcrownfoundation.com\/es\/givetogcf\/get-involved\/\"\n\t\t\t\t\tclass=\"sowb-button ow-icon-placement-left ow-button-hover\" \t>\n\t\t<span>\n\t\t\t\n\t\t\tINVOLUCRARSE\t\t<\/span>\n\t\t\t<\/a>\n\t<\/div>\n<\/div><\/div><\/div><div id=\"pgc-40-3-1\"  class=\"panel-grid-cell\" ><div id=\"panel-40-3-1-0\" class=\"so-panel widget widget_sow-button panel-first-child panel-last-child\" data-index=\"6\" ><div\n\t\t\t\n\t\t\tclass=\"so-widget-sow-button so-widget-sow-button-flat-fd35e4477b86-40\"\n\t\t\t\n\t\t><div class=\"ow-button-base ow-button-align-center\"\n>\n\t\t\t<a\n\t\t\t\t\thref=\"https:\/\/www.goldcrownfoundation.com\/es\/givetogcf\/partner-with-us\/\"\n\t\t\t\t\tclass=\"sowb-button ow-icon-placement-left ow-button-hover\" \t>\n\t\t<span>\n\t\t\t\n\t\t\tASOCIARSE CON NOSOTROS\t\t<\/span>\n\t\t\t<\/a>\n\t<\/div>\n<\/div><\/div><\/div><\/div><div id=\"pg-40-4\"  class=\"panel-grid panel-no-style\" ><div id=\"pgc-40-4-0\"  class=\"panel-grid-cell\" ><div id=\"panel-40-4-0-0\" class=\"so-panel widget widget_sow-editor panel-first-child panel-last-child\" data-index=\"7\" ><div\n\t\t\t\n\t\t\tclass=\"so-widget-sow-editor so-widget-sow-editor-base\"\n\t\t\t\n\t\t>\n<div class=\"siteorigin-widget-tinymce textwidget\">\n\t<p>Gold Crown Foundation es una organizaci\u00f3n ben\u00e9fica p\u00fablica de Colorado 501c3 reconocida por el IRS y se ha mantenido en buena posici\u00f3n desde nuestra<br \/>\nincorporaci\u00f3n en 1986 (<a href=\"https:\/\/www.goldcrownfoundation.com\/es\/tax-id-information\/\">Informaci\u00f3n de ID de Impuestos)<\/a>.<\/p>\n<\/div>\n<\/div><\/div><\/div><\/div><\/div>","protected":false},"excerpt":{"rendered":"<p>Thank you for making a donation. Did you know that\u00a0 Gold Crown Foundation needs to raise $1.5 million annually in order to break even as a foundation? We also gave [&hellip;]<\/p>\n","protected":false},"author":1,"featured_media":0,"parent":0,"menu_order":0,"comment_status":"closed","ping_status":"closed","template":"","meta":{"inline_featured_image":false,"_monsterinsights_skip_tracking":false,"_monsterinsights_sitenote_active":false,"_monsterinsights_sitenote_note":"","_monsterinsights_sitenote_category":0,"footnotes":""},"class_list":["post-40","page","type-page","status-publish","hentry","post"],"yoast_head":"<!-- This site is optimized with the Yoast SEO plugin v27.4 - https:\/\/yoast.com\/product\/yoast-seo-wordpress\/ -->\n<title>Give to GCF - Gold Crown Foundation<\/title>\n<meta name=\"robots\" content=\"index, follow, max-snippet:-1, max-image-preview:large, max-video-preview:-1\" \/>\n<link rel=\"canonical\" href=\"https:\/\/www.goldcrownfoundation.com\/es\/givetogcf\/\" \/>\n<meta property=\"og:locale\" content=\"es_MX\" \/>\n<meta property=\"og:type\" content=\"article\" \/>\n<meta property=\"og:title\" content=\"Give to GCF - Gold Crown Foundation\" \/>\n<meta property=\"og:description\" content=\"Thank you for making a donation. Did you know that\u00a0 Gold Crown Foundation needs to raise $1.5 million annually in order to break even as a foundation? We also gave [&hellip;]\" \/>\n<meta property=\"og:url\" content=\"https:\/\/www.goldcrownfoundation.com\/es\/givetogcf\/\" \/>\n<meta property=\"og:site_name\" content=\"Gold Crown Foundation\" \/>\n<meta property=\"article:modified_time\" content=\"2025-12-16T16:08:44+00:00\" \/>\n<meta name=\"twitter:card\" content=\"summary_large_image\" \/>\n<meta name=\"twitter:image\" content=\"https:\/\/www.goldcrownfoundation.com\/wp-content\/uploads\/2019\/08\/Huddle-Girls-Hug.jpg\" \/>\n<meta name=\"twitter:label1\" content=\"Tiempo de lectura\" \/>\n\t<meta name=\"twitter:data1\" content=\"3 minutos\" \/>\n<script type=\"application\/ld+json\" class=\"yoast-schema-graph\">{\"@context\":\"https:\\\/\\\/schema.org\",\"@graph\":[{\"@type\":\"WebPage\",\"@id\":\"https:\\\/\\\/www.goldcrownfoundation.com\\\/givetogcf\\\/\",\"url\":\"https:\\\/\\\/www.goldcrownfoundation.com\\\/givetogcf\\\/\",\"name\":\"Give to GCF - Gold Crown Foundation\",\"isPartOf\":{\"@id\":\"https:\\\/\\\/www.goldcrownfoundation.com\\\/#website\"},\"datePublished\":\"2018-11-05T22:36:04+00:00\",\"dateModified\":\"2025-12-16T16:08:44+00:00\",\"breadcrumb\":{\"@id\":\"https:\\\/\\\/www.goldcrownfoundation.com\\\/givetogcf\\\/#breadcrumb\"},\"inLanguage\":\"es\",\"potentialAction\":[{\"@type\":\"ReadAction\",\"target\":[\"https:\\\/\\\/www.goldcrownfoundation.com\\\/givetogcf\\\/\"]}]},{\"@type\":\"BreadcrumbList\",\"@id\":\"https:\\\/\\\/www.goldcrownfoundation.com\\\/givetogcf\\\/#breadcrumb\",\"itemListElement\":[{\"@type\":\"ListItem\",\"position\":1,\"name\":\"Home\",\"item\":\"https:\\\/\\\/www.goldcrownfoundation.com\\\/\"},{\"@type\":\"ListItem\",\"position\":2,\"name\":\"Give to GCF\"}]},{\"@type\":\"WebSite\",\"@id\":\"https:\\\/\\\/www.goldcrownfoundation.com\\\/#website\",\"url\":\"https:\\\/\\\/www.goldcrownfoundation.com\\\/\",\"name\":\"Gold Crown Foundation\",\"description\":\"\",\"publisher\":{\"@id\":\"https:\\\/\\\/www.goldcrownfoundation.com\\\/#organization\"},\"potentialAction\":[{\"@type\":\"SearchAction\",\"target\":{\"@type\":\"EntryPoint\",\"urlTemplate\":\"https:\\\/\\\/www.goldcrownfoundation.com\\\/?s={search_term_string}\"},\"query-input\":{\"@type\":\"PropertyValueSpecification\",\"valueRequired\":true,\"valueName\":\"search_term_string\"}}],\"inLanguage\":\"es\"},{\"@type\":\"Organization\",\"@id\":\"https:\\\/\\\/www.goldcrownfoundation.com\\\/#organization\",\"name\":\"Gold Crown Foundation\",\"url\":\"https:\\\/\\\/www.goldcrownfoundation.com\\\/\",\"logo\":{\"@type\":\"ImageObject\",\"inLanguage\":\"es\",\"@id\":\"https:\\\/\\\/www.goldcrownfoundation.com\\\/#\\\/schema\\\/logo\\\/image\\\/\",\"url\":\"https:\\\/\\\/www.goldcrownfoundation.com\\\/wp-content\\\/uploads\\\/2018\\\/11\\\/gcf-logo.svg\",\"contentUrl\":\"https:\\\/\\\/www.goldcrownfoundation.com\\\/wp-content\\\/uploads\\\/2018\\\/11\\\/gcf-logo.svg\",\"caption\":\"Gold Crown Foundation\"},\"image\":{\"@id\":\"https:\\\/\\\/www.goldcrownfoundation.com\\\/#\\\/schema\\\/logo\\\/image\\\/\"}}]}<\/script>\n<!-- \/ Yoast SEO plugin. -->","yoast_head_json":{"title":"Give to GCF - Gold Crown Foundation","robots":{"index":"index","follow":"follow","max-snippet":"max-snippet:-1","max-image-preview":"max-image-preview:large","max-video-preview":"max-video-preview:-1"},"canonical":"https:\/\/www.goldcrownfoundation.com\/es\/givetogcf\/","og_locale":"es_MX","og_type":"article","og_title":"Give to GCF - Gold Crown Foundation","og_description":"Thank you for making a donation. Did you know that\u00a0 Gold Crown Foundation needs to raise $1.5 million annually in order to break even as a foundation? We also gave [&hellip;]","og_url":"https:\/\/www.goldcrownfoundation.com\/es\/givetogcf\/","og_site_name":"Gold Crown Foundation","article_modified_time":"2025-12-16T16:08:44+00:00","twitter_card":"summary_large_image","twitter_image":"https:\/\/www.goldcrownfoundation.com\/wp-content\/uploads\/2019\/08\/Huddle-Girls-Hug.jpg","twitter_misc":{"Tiempo de lectura":"3 minutos"},"schema":{"@context":"https:\/\/schema.org","@graph":[{"@type":"WebPage","@id":"https:\/\/www.goldcrownfoundation.com\/givetogcf\/","url":"https:\/\/www.goldcrownfoundation.com\/givetogcf\/","name":"Give to GCF - Gold Crown Foundation","isPartOf":{"@id":"https:\/\/www.goldcrownfoundation.com\/#website"},"datePublished":"2018-11-05T22:36:04+00:00","dateModified":"2025-12-16T16:08:44+00:00","breadcrumb":{"@id":"https:\/\/www.goldcrownfoundation.com\/givetogcf\/#breadcrumb"},"inLanguage":"es","potentialAction":[{"@type":"ReadAction","target":["https:\/\/www.goldcrownfoundation.com\/givetogcf\/"]}]},{"@type":"BreadcrumbList","@id":"https:\/\/www.goldcrownfoundation.com\/givetogcf\/#breadcrumb","itemListElement":[{"@type":"ListItem","position":1,"name":"Home","item":"https:\/\/www.goldcrownfoundation.com\/"},{"@type":"ListItem","position":2,"name":"Give to GCF"}]},{"@type":"WebSite","@id":"https:\/\/www.goldcrownfoundation.com\/#website","url":"https:\/\/www.goldcrownfoundation.com\/","name":"Fundaci\u00f3n Corona de Oro","description":"","publisher":{"@id":"https:\/\/www.goldcrownfoundation.com\/#organization"},"potentialAction":[{"@type":"SearchAction","target":{"@type":"EntryPoint","urlTemplate":"https:\/\/www.goldcrownfoundation.com\/?s={search_term_string}"},"query-input":{"@type":"PropertyValueSpecification","valueRequired":true,"valueName":"search_term_string"}}],"inLanguage":"es"},{"@type":"Organization","@id":"https:\/\/www.goldcrownfoundation.com\/#organization","name":"Fundaci\u00f3n Corona de Oro","url":"https:\/\/www.goldcrownfoundation.com\/","logo":{"@type":"ImageObject","inLanguage":"es","@id":"https:\/\/www.goldcrownfoundation.com\/#\/schema\/logo\/image\/","url":"https:\/\/www.goldcrownfoundation.com\/wp-content\/uploads\/2018\/11\/gcf-logo.svg","contentUrl":"https:\/\/www.goldcrownfoundation.com\/wp-content\/uploads\/2018\/11\/gcf-logo.svg","caption":"Gold Crown Foundation"},"image":{"@id":"https:\/\/www.goldcrownfoundation.com\/#\/schema\/logo\/image\/"}}]}},"_links":{"self":[{"href":"https:\/\/www.goldcrownfoundation.com\/es\/wp-json\/wp\/v2\/pages\/40","targetHints":{"allow":["GET"]}}],"collection":[{"href":"https:\/\/www.goldcrownfoundation.com\/es\/wp-json\/wp\/v2\/pages"}],"about":[{"href":"https:\/\/www.goldcrownfoundation.com\/es\/wp-json\/wp\/v2\/types\/page"}],"author":[{"embeddable":true,"href":"https:\/\/www.goldcrownfoundation.com\/es\/wp-json\/wp\/v2\/users\/1"}],"replies":[{"embeddable":true,"href":"https:\/\/www.goldcrownfoundation.com\/es\/wp-json\/wp\/v2\/comments?post=40"}],"version-history":[{"count":0,"href":"https:\/\/www.goldcrownfoundation.com\/es\/wp-json\/wp\/v2\/pages\/40\/revisions"}],"wp:attachment":[{"href":"https:\/\/www.goldcrownfoundation.com\/es\/wp-json\/wp\/v2\/media?parent=40"}],"curies":[{"name":"wp","href":"https:\/\/api.w.org\/{rel}","templated":true}]}}