{"id":43,"date":"2018-11-05T15:36:06","date_gmt":"2018-11-05T22:36:06","guid":{"rendered":"https:\/\/www.goldcrownfoundation.com\/health-resources\/"},"modified":"2019-06-13T12:05:44","modified_gmt":"2019-06-13T18:05:44","slug":"health-hub","status":"publish","type":"page","link":"https:\/\/www.goldcrownfoundation.com\/es\/about-us\/health-hub\/","title":{"rendered":"Centro de Salud"},"content":{"rendered":"<div id=\"pl-43\"  class=\"panel-layout\" ><div id=\"pg-43-0\"  class=\"panel-grid panel-no-style\" ><div id=\"pgc-43-0-0\"  class=\"panel-grid-cell\" ><div id=\"panel-43-0-0-0\" class=\"so-panel widget widget_sow-editor panel-first-child panel-last-child\" data-index=\"0\" ><div\n\t\t\t\n\t\t\tclass=\"so-widget-sow-editor so-widget-sow-editor-base\"\n\t\t\t\n\t\t>\n<div class=\"siteorigin-widget-tinymce textwidget\">\n\t<p>En la Fundaci\u00f3n Gold Crown, creemos que nuestra responsabilidad en el desarrollo de los j\u00f3venes debe incluir \"al ni\u00f1o entero\". Esto puede ser la salud f\u00edsica, emocional o mental. Estamos orgullosos de ser un recurso para padres, entrenadores y familias cuando se trata del bienestar general de los j\u00f3venes de nuestra comunidad.  A continuaci\u00f3n encontrar\u00e1 una lista de recursos para su hijo y su familia gracias a nuestro apoyo del Children's Hospital Colorado.  Si tiene alg\u00fan tema sobre el que le gustar\u00eda obtener m\u00e1s informaci\u00f3n, <a href=\"mailto:moverton@goldcrownfoundation.com\">H\u00e1ganos saber!<\/a>.<\/p>\n<\/div>\n<\/div><\/div><\/div><\/div><div id=\"pg-43-1\"  class=\"panel-grid panel-no-style\" ><div id=\"pgc-43-1-0\"  class=\"panel-grid-cell\" ><div id=\"panel-43-1-0-0\" class=\"so-panel widget widget_sow-image panel-first-child panel-last-child\" data-index=\"1\" ><div\n\t\t\t\n\t\t\tclass=\"so-widget-sow-image so-widget-sow-image-default-c67d20f9f743-43\"\n\t\t\t\n\t\t>\n<div class=\"sow-image-container\">\n\t\t<img \n\tsrc=\"https:\/\/www.goldcrownfoundation.com\/wp-content\/uploads\/2018\/11\/sponsor-childrens.png\" width=\"150\" height=\"110\" sizes=\"(max-width: 150px) 100vw, 150px\" alt=\"\" \t\tclass=\"so-widget-image\"\/>\n\t<\/div>\n\n<\/div><\/div><\/div><div id=\"pgc-43-1-1\"  class=\"panel-grid-cell\" ><div id=\"panel-43-1-1-0\" class=\"so-panel widget widget_sow-image panel-first-child panel-last-child\" data-index=\"2\" ><div\n\t\t\t\n\t\t\tclass=\"so-widget-sow-image so-widget-sow-image-default-c67d20f9f743-43\"\n\t\t\t\n\t\t>\n<div class=\"sow-image-container\">\n\t\t<img \n\tsrc=\"https:\/\/www.goldcrownfoundation.com\/wp-content\/uploads\/2018\/12\/CHCOSportsMedLogo.jpg\" width=\"150\" height=\"99\" sizes=\"(max-width: 150px) 100vw, 150px\" alt=\"\" \t\tclass=\"so-widget-image\"\/>\n\t<\/div>\n\n<\/div><\/div><\/div><\/div><div id=\"pg-43-2\"  class=\"panel-grid panel-no-style\" ><div id=\"pgc-43-2-0\"  class=\"panel-grid-cell\" ><div id=\"panel-43-2-0-0\" class=\"so-panel widget widget_siteorigin-panels-builder panel-first-child panel-last-child\" data-index=\"3\" ><div id=\"pl-w5d0268d99cc7d\"  class=\"panel-layout\" ><div id=\"pg-w5d0268d99cc7d-0\"  class=\"panel-grid panel-no-style\" ><div id=\"pgc-w5d0268d99cc7d-0-0\"  class=\"panel-grid-cell\" ><div id=\"panel-w5d0268d99cc7d-0-0-0\" class=\"so-panel widget widget_sow-image panel-first-child\" data-index=\"0\" ><div\n\t\t\t\n\t\t\tclass=\"so-widget-sow-image so-widget-sow-image-default-4e6925654b7a\"\n\t\t\t\n\t\t><h3 class=\"widget-title\">Recursos para el deporte juvenil<\/h3>\n<div class=\"sow-image-container\">\n\t\t<img \n\tsrc=\"https:\/\/www.goldcrownfoundation.com\/wp-content\/uploads\/2018\/12\/040318-TCJ-1-300x169.jpg\" width=\"300\" height=\"169\" srcset=\"https:\/\/www.goldcrownfoundation.com\/wp-content\/uploads\/2018\/12\/040318-TCJ-1-300x169.jpg 300w, https:\/\/www.goldcrownfoundation.com\/wp-content\/uploads\/2018\/12\/040318-TCJ-1-768x432.jpg 768w, https:\/\/www.goldcrownfoundation.com\/wp-content\/uploads\/2018\/12\/040318-TCJ-1-1024x576.jpg 1024w, https:\/\/www.goldcrownfoundation.com\/wp-content\/uploads\/2018\/12\/040318-TCJ-1.jpg 1262w\" sizes=\"(max-width: 300px) 100vw, 300px\" title=\"Recursos para el deporte juvenil\" alt=\"\" \t\tclass=\"so-widget-image\"\/>\n\t<\/div>\n\n<\/div><\/div><div id=\"panel-w5d0268d99cc7d-0-0-1\" class=\"so-panel widget widget_sow-editor\" data-index=\"1\" ><div\n\t\t\t\n\t\t\tclass=\"so-widget-sow-editor so-widget-sow-editor-base\"\n\t\t\t\n\t\t>\n<div class=\"siteorigin-widget-tinymce textwidget\">\n\t<ul>\n<li><a href=\"https:\/\/www.childrenscolorado.org\/conditions-and-advice\/sports-articles\/sports-injuries\/concussion\/concussion-facts\/\" target=\"_blank\" rel=\"noopener\">\u00bfTiene preguntas sobre la conmoci\u00f3n cerebral?<\/a><\/li>\n<li><a href=\"https:\/\/www.childrenscolorado.org\/conditions-and-advice\/sports-articles\/sports-safety\/sleep-student-athletes-performance\/\" target=\"_blank\" rel=\"noopener\">C\u00f3mo influye el sue\u00f1o en el rendimiento deportivo<\/a><\/li>\n<li><a href=\"https:\/\/www.childrenscolorado.org\/conditions-and-advice\/sports-articles\/sports-injuries\/concussion\/play-after-concussion\/\" target=\"_blank\" rel=\"noopener\">La vida despu\u00e9s de una conmoci\u00f3n cerebral<\/a><\/li>\n<li><a href=\"https:\/\/www.childrenscolorado.org\/conditions-and-advice\/sports-articles\/sports-safety\/stretching-for-athletes\/\" target=\"_blank\" rel=\"noopener\">Estiramientos habituales para j\u00f3venes deportistas<\/a><\/li>\n<li><a href=\"https:\/\/www.childrenscolorado.org\/conditions-and-advice\/sports-articles\/for-parents\/overtraining-and-burnout-in-young-athletes\/\" target=\"_blank\" rel=\"noopener\">Sobreentrenamiento y agotamiento en j\u00f3venes deportistas<\/a><\/li>\n<li><a href=\"https:\/\/www.childrenscolorado.org\/conditions-and-advice\/sports-articles\/sports-injuries\/sport-specialization-one-or-one-too-many\/\" target=\"_blank\" rel=\"noopener\">Especializaci\u00f3n deportiva: \u00bfUna o demasiadas?<\/a><\/li>\n<\/ul>\n<\/div>\n<\/div><\/div><div id=\"panel-w5d0268d99cc7d-0-0-2\" class=\"so-panel widget widget_sow-image\" data-index=\"2\" ><div\n\t\t\t\n\t\t\tclass=\"so-widget-sow-image so-widget-sow-image-default-4e6925654b7a\"\n\t\t\t\n\t\t><h3 class=\"widget-title\">Recursos para padres<\/h3>\n<div class=\"sow-image-container\">\n\t\t<img \n\tsrc=\"https:\/\/www.goldcrownfoundation.com\/wp-content\/uploads\/2018\/12\/Technology-300x178.jpg\" width=\"300\" height=\"178\" srcset=\"https:\/\/www.goldcrownfoundation.com\/wp-content\/uploads\/2018\/12\/Technology-300x178.jpg 300w, https:\/\/www.goldcrownfoundation.com\/wp-content\/uploads\/2018\/12\/Technology-768x454.jpg 768w, https:\/\/www.goldcrownfoundation.com\/wp-content\/uploads\/2018\/12\/Technology-1024x606.jpg 1024w, https:\/\/www.goldcrownfoundation.com\/wp-content\/uploads\/2018\/12\/Technology.jpg 1200w\" sizes=\"(max-width: 300px) 100vw, 300px\" title=\"Recursos para padres\" alt=\"\" \t\tclass=\"so-widget-image\"\/>\n\t<\/div>\n\n<\/div><\/div><div id=\"panel-w5d0268d99cc7d-0-0-3\" class=\"so-panel widget widget_sow-editor panel-last-child\" data-index=\"3\" ><div\n\t\t\t\n\t\t\tclass=\"so-widget-sow-editor so-widget-sow-editor-base\"\n\t\t\t\n\t\t>\n<div class=\"siteorigin-widget-tinymce textwidget\">\n\t<ul>\n<li><a href=\"https:\/\/www.childrenscolorado.org\/conditions-and-advice\/parenting\/parenting-articles\/teen-driving\/\" target=\"_blank\" rel=\"noopener\">Cuatro cosas que hay que saber antes de dar<br \/>\na su hijo las llaves del coche<\/a><\/li>\n<li><a href=\"https:\/\/www.childrenscolorado.org\/conditions-and-advice\/parenting\/parenting-articles\/growing-up-plugged-in\/\" target=\"_blank\" rel=\"noopener\">Crecer \"enchufado\"<\/a><\/li>\n<li><a href=\"https:\/\/www.childrenscolorado.org\/doctors-and-departments\/departments\/orthopedics\/programs\/sports-medicine-center\/why-see-a-pediatric-sports-medicine-physician\/\" target=\"_blank\" rel=\"noopener\">Cinco razones para consultar a un m\u00e9dico especialista en medicina deportiva pedi\u00e1trica<\/a><\/li>\n<li><a href=\"https:\/\/www.childrenscolorado.org\/conditions-and-advice\/parenting\/parenting-articles\/outdoor-adventures-with-kids\/\" target=\"_blank\" rel=\"noopener\">Claves para divertirte al aire libre con tus hijos<\/a><\/li>\n<\/ul>\n<p>&nbsp;<\/p>\n<\/div>\n<\/div><\/div><\/div><div id=\"pgc-w5d0268d99cc7d-0-1\"  class=\"panel-grid-cell\" ><div id=\"panel-w5d0268d99cc7d-0-1-0\" class=\"so-panel widget widget_sow-image panel-first-child\" data-index=\"4\" ><div\n\t\t\t\n\t\t\tclass=\"so-widget-sow-image so-widget-sow-image-default-4e6925654b7a\"\n\t\t\t\n\t\t><h3 class=\"widget-title\">Salud y bienestar <\/h3>\n<div class=\"sow-image-container\">\n\t\t<img \n\tsrc=\"https:\/\/www.goldcrownfoundation.com\/wp-content\/uploads\/2018\/12\/Concussion_Emotional-300x178.jpg\" width=\"300\" height=\"178\" srcset=\"https:\/\/www.goldcrownfoundation.com\/wp-content\/uploads\/2018\/12\/Concussion_Emotional-300x178.jpg 300w, https:\/\/www.goldcrownfoundation.com\/wp-content\/uploads\/2018\/12\/Concussion_Emotional-768x454.jpg 768w, https:\/\/www.goldcrownfoundation.com\/wp-content\/uploads\/2018\/12\/Concussion_Emotional-1024x606.jpg 1024w, https:\/\/www.goldcrownfoundation.com\/wp-content\/uploads\/2018\/12\/Concussion_Emotional.jpg 1200w\" sizes=\"(max-width: 300px) 100vw, 300px\" title=\"Salud y bienestar \" alt=\"\" \t\tclass=\"so-widget-image\"\/>\n\t<\/div>\n\n<\/div><\/div><div id=\"panel-w5d0268d99cc7d-0-1-1\" class=\"so-panel widget widget_sow-editor\" data-index=\"5\" ><div\n\t\t\t\n\t\t\tclass=\"so-widget-sow-editor so-widget-sow-editor-base\"\n\t\t\t\n\t\t>\n<div class=\"siteorigin-widget-tinymce textwidget\">\n\t<ul>\n<li><a href=\"https:\/\/www.childrenscolorado.org\/conditions-and-advice\/sports-articles\/for-coaches\/healthy-weight-training-for-young-athletes\/\" target=\"_blank\" rel=\"noopener\">\u00bfCu\u00e1ndo, d\u00f3nde y c\u00f3mo es seguro empezar a entrenar con pesas?<\/a><\/li>\n<li><a href=\"https:\/\/www.childrenscolorado.org\/conditions-and-advice\/sports-articles\/for-coaches\/female-athlete-triad-poses-potential-danger-for-young-athletes\/\" target=\"_blank\" rel=\"noopener\">Comprender la tr\u00edada femenina<\/a><\/li>\n<li><a href=\"https:\/\/www.childrenscolorado.org\/conditions-and-advice\/sports-articles\/sports-injuries\/concussion\/emotional-effects-concussion\/\" target=\"_blank\" rel=\"noopener\">Hacer frente a la angustia emocional<\/a><br \/>\n<a href=\"https:\/\/www.childrenscolorado.org\/conditions-and-advice\/sports-articles\/sports-injuries\/concussion\/emotional-effects-concussion\/\" target=\"_blank\" rel=\"noopener\">causada por una conmoci\u00f3n cerebral<\/a><\/li>\n<li><a href=\"https:\/\/www.childrenscolorado.org\/conditions-and-advice\/parenting\/parenting-articles\/stress-less\/\" target=\"_blank\" rel=\"noopener\">C\u00f3mo ayudar a su hijo a estresarse menos<\/a><\/li>\n<\/ul>\n<\/div>\n<\/div><\/div><div id=\"panel-w5d0268d99cc7d-0-1-2\" class=\"so-panel widget widget_sow-image\" data-index=\"6\" ><div\n\t\t\t\n\t\t\tclass=\"so-widget-sow-image so-widget-sow-image-default-4e6925654b7a\"\n\t\t\t\n\t\t><h3 class=\"widget-title\">Nutrici\u00f3n<\/h3>\n<div class=\"sow-image-container\">\n\t\t<img \n\tsrc=\"https:\/\/www.goldcrownfoundation.com\/wp-content\/uploads\/2019\/03\/Hydration-300x178.jpg\" width=\"300\" height=\"178\" srcset=\"https:\/\/www.goldcrownfoundation.com\/wp-content\/uploads\/2019\/03\/Hydration-300x178.jpg 300w, https:\/\/www.goldcrownfoundation.com\/wp-content\/uploads\/2019\/03\/Hydration-768x454.jpg 768w, https:\/\/www.goldcrownfoundation.com\/wp-content\/uploads\/2019\/03\/Hydration-1024x606.jpg 1024w, https:\/\/www.goldcrownfoundation.com\/wp-content\/uploads\/2019\/03\/Hydration.jpg 1200w\" sizes=\"(max-width: 300px) 100vw, 300px\" title=\"Nutrici\u00f3n\" alt=\"\" \t\tclass=\"so-widget-image\"\/>\n\t<\/div>\n\n<\/div><\/div><div id=\"panel-w5d0268d99cc7d-0-1-3\" class=\"so-panel widget widget_sow-editor panel-last-child\" data-index=\"7\" ><div\n\t\t\t\n\t\t\tclass=\"so-widget-sow-editor so-widget-sow-editor-base\"\n\t\t\t\n\t\t>\n<div class=\"siteorigin-widget-tinymce textwidget\">\n\t<ul>\n<li><a href=\"https:\/\/www.goldcrownfoundation.com\/wp-content\/uploads\/2019\/03\/ChildrensColorado_AthleteNutritionBrochure.pdf\" target=\"_blank\" rel=\"noopener\">La gu\u00eda completa de nutrici\u00f3n para deportistas<\/a><\/li>\n<li><a href=\"https:\/\/www.childrenscolorado.org\/conditions-and-advice\/sports-articles\/sports-nutrition\/water-vs-sports-drinks-which-is-better-for-young-athletes\/\" target=\"_blank\" rel=\"noopener\">C\u00f3mo hidratarse como deportista<\/a><\/li>\n<li><a href=\"https:\/\/www.childrenscolorado.org\/conditions-and-advice\/sports-articles\/sports-nutrition\/water-vs-sports-drinks-which-is-better-for-young-athletes\/\" target=\"_blank\" rel=\"noopener\">Agua frente a bebidas deportivas<\/a><\/li>\n<li><a href=\"https:\/\/www.childrenscolorado.org\/conditions-and-advice\/sports-articles\/sports-nutrition\/what-to-eat-before-playing-sports\/\" target=\"_blank\" rel=\"noopener\">Qu\u00e9 comer antes del partido<\/a><\/li>\n<li><a href=\"https:\/\/www.childrenscolorado.org\/conditions-and-advice\/sports-articles\/sports-nutrition\/energy-drinks-are-they-safe\/\" target=\"_blank\" rel=\"noopener\">Inf\u00f3rmate sobre las bebidas energ\u00e9ticas<\/a><\/li>\n<\/ul>\n<\/div>\n<\/div><\/div><\/div><div id=\"pgc-w5d0268d99cc7d-0-2\"  class=\"panel-grid-cell\" ><div id=\"panel-w5d0268d99cc7d-0-2-0\" class=\"so-panel widget widget_sow-editor panel-first-child\" data-index=\"8\" ><div\n\t\t\t\n\t\t\tclass=\"so-widget-sow-editor so-widget-sow-editor-base\"\n\t\t\t\n\t\t><h3 class=\"widget-title\">Entrenadores de atletismo<\/h3>\n<div class=\"siteorigin-widget-tinymce textwidget\">\n\t<p>\u00bfSab\u00edas que hay un Entrenador Atl\u00e9tico Certificado en todos los eventos de la Corona de Oro? La sala de entrenamiento se encuentra al lado de la pista 5, \u00a1busca los postes verdes! Por favor, p\u00f3ngase en contacto con Amber con cualquier pregunta, 303-233-6776, ext. 239. <a href=\"https:\/\/www.goldcrownfoundation.com\/wp-content\/uploads\/2018\/12\/CHCOBrochure2018.pdf\" target=\"_blank\" rel=\"noopener\">M\u00e1s informaci\u00f3n sobre los entrenadores de atletismo de CHCO<\/a>.<\/p>\n<\/div>\n<\/div><\/div><div id=\"panel-w5d0268d99cc7d-0-2-1\" class=\"so-panel widget widget_sow-image panel-last-child\" data-index=\"9\" ><div\n\t\t\t\n\t\t\tclass=\"so-widget-sow-image so-widget-sow-image-default-113ccd71f3e6\"\n\t\t\t\n\t\t><h3 class=\"widget-title\">Artesan\u00eda de \u00e1mbar<\/h3>\n<div class=\"sow-image-container\">\n\t\t<img \n\tsrc=\"https:\/\/www.goldcrownfoundation.com\/wp-content\/uploads\/2018\/12\/AmberHeadShot-219x300.jpg\" width=\"219\" height=\"300\" srcset=\"https:\/\/www.goldcrownfoundation.com\/wp-content\/uploads\/2018\/12\/AmberHeadShot-219x300.jpg 219w, https:\/\/www.goldcrownfoundation.com\/wp-content\/uploads\/2018\/12\/AmberHeadShot-768x1051.jpg 768w, https:\/\/www.goldcrownfoundation.com\/wp-content\/uploads\/2018\/12\/AmberHeadShot-748x1024.jpg 748w, https:\/\/www.goldcrownfoundation.com\/wp-content\/uploads\/2018\/12\/AmberHeadShot.jpg 935w\" sizes=\"(max-width: 219px) 100vw, 219px\" title=\"Artesan\u00eda de \u00e1mbar\" alt=\"\" \t\tclass=\"so-widget-image\"\/>\n\t<\/div>\n\n<\/div><\/div><\/div><\/div><\/div><\/div><\/div><\/div><div id=\"pg-43-3\"  class=\"panel-grid panel-has-style\" ><div class=\"siteorigin-panels-stretch panel-row-style panel-row-style-for-43-3\" data-stretch-type=\"full\" ><div id=\"pgc-43-3-0\"  class=\"panel-grid-cell\" ><div id=\"panel-43-3-0-0\" class=\"so-panel widget widget_sow-editor panel-first-child\" data-index=\"4\" ><div class=\"panel-widget-style panel-widget-style-for-43-3-0-0\" ><div\n\t\t\t\n\t\t\tclass=\"so-widget-sow-editor so-widget-sow-editor-base\"\n\t\t\t\n\t\t>\n<div class=\"siteorigin-widget-tinymce textwidget\">\n\t<h2 style=\"text-align: center;\"><span style=\"color: #ffffff;\">Preparando ni\u00f1os para el juego de la vida<\/span><\/h2>\n<p>&nbsp;<\/p>\n<\/div>\n<\/div><\/div><\/div><div id=\"panel-43-3-0-1\" class=\"so-panel widget widget_sow-button panel-last-child\" data-index=\"5\" ><div\n\t\t\t\n\t\t\tclass=\"so-widget-sow-button so-widget-sow-button-flat-a03c3ab4f347-43\"\n\t\t\t\n\t\t><div class=\"ow-button-base ow-button-align-center\"\n>\n\t\t\t<a\n\t\t\t\t\thref=\"https:\/\/www.goldcrownfoundation.com\/es\/givetogcf\/\"\n\t\t\t\t\tclass=\"sowb-button ow-icon-placement-left ow-button-hover\" \t>\n\t\t<span>\n\t\t\t\n\t\t\tDar a GCF\t\t<\/span>\n\t\t\t<\/a>\n\t<\/div>\n<\/div><\/div><\/div><\/div><\/div><\/div>","protected":false},"excerpt":{"rendered":"<p>At Gold Crown Foundation, we believe our responsibility for youth development should include \u201cthe whole child.\u201d This could be physical, emotional or mental health. We are proud to be a [&hellip;]<\/p>\n","protected":false},"author":1,"featured_media":0,"parent":34,"menu_order":0,"comment_status":"closed","ping_status":"closed","template":"","meta":{"inline_featured_image":false,"_monsterinsights_skip_tracking":false,"_monsterinsights_sitenote_active":false,"_monsterinsights_sitenote_note":"","_monsterinsights_sitenote_category":0,"footnotes":""},"class_list":["post-43","page","type-page","status-publish","hentry","post"],"yoast_head":"<!-- This site is optimized with the Yoast SEO plugin v27.4 - https:\/\/yoast.com\/product\/yoast-seo-wordpress\/ -->\n<title>Health Hub - Gold Crown Foundation<\/title>\n<meta name=\"robots\" content=\"index, follow, max-snippet:-1, max-image-preview:large, max-video-preview:-1\" \/>\n<link rel=\"canonical\" href=\"https:\/\/www.goldcrownfoundation.com\/es\/about-us\/health-hub\/\" \/>\n<meta property=\"og:locale\" content=\"es_MX\" \/>\n<meta property=\"og:type\" content=\"article\" \/>\n<meta property=\"og:title\" content=\"Health Hub - Gold Crown Foundation\" \/>\n<meta property=\"og:description\" content=\"At Gold Crown Foundation, we believe our responsibility for youth development should include \u201cthe whole child.\u201d This could be physical, emotional or mental health. We are proud to be a [&hellip;]\" \/>\n<meta property=\"og:url\" content=\"https:\/\/www.goldcrownfoundation.com\/es\/about-us\/health-hub\/\" \/>\n<meta property=\"og:site_name\" content=\"Gold Crown Foundation\" \/>\n<meta property=\"article:modified_time\" content=\"2019-06-13T18:05:44+00:00\" \/>\n<meta name=\"twitter:card\" content=\"summary_large_image\" \/>\n<meta name=\"twitter:label1\" content=\"Tiempo de lectura\" \/>\n\t<meta name=\"twitter:data1\" content=\"2 minutos\" \/>\n<script type=\"application\/ld+json\" class=\"yoast-schema-graph\">{\"@context\":\"https:\\\/\\\/schema.org\",\"@graph\":[{\"@type\":\"WebPage\",\"@id\":\"https:\\\/\\\/www.goldcrownfoundation.com\\\/es\\\/about-us\\\/health-hub\\\/\",\"url\":\"https:\\\/\\\/www.goldcrownfoundation.com\\\/es\\\/about-us\\\/health-hub\\\/\",\"name\":\"Health Hub - Gold Crown Foundation\",\"isPartOf\":{\"@id\":\"https:\\\/\\\/www.goldcrownfoundation.com\\\/#website\"},\"datePublished\":\"2018-11-05T22:36:06+00:00\",\"dateModified\":\"2019-06-13T18:05:44+00:00\",\"breadcrumb\":{\"@id\":\"https:\\\/\\\/www.goldcrownfoundation.com\\\/es\\\/about-us\\\/health-hub\\\/#breadcrumb\"},\"inLanguage\":\"es\",\"potentialAction\":[{\"@type\":\"ReadAction\",\"target\":[\"https:\\\/\\\/www.goldcrownfoundation.com\\\/es\\\/about-us\\\/health-hub\\\/\"]}]},{\"@type\":\"BreadcrumbList\",\"@id\":\"https:\\\/\\\/www.goldcrownfoundation.com\\\/es\\\/about-us\\\/health-hub\\\/#breadcrumb\",\"itemListElement\":[{\"@type\":\"ListItem\",\"position\":1,\"name\":\"Home\",\"item\":\"https:\\\/\\\/www.goldcrownfoundation.com\\\/\"},{\"@type\":\"ListItem\",\"position\":2,\"name\":\"About Us\",\"item\":\"https:\\\/\\\/www.goldcrownfoundation.com\\\/about-us\\\/\"},{\"@type\":\"ListItem\",\"position\":3,\"name\":\"Health Hub\"}]},{\"@type\":\"WebSite\",\"@id\":\"https:\\\/\\\/www.goldcrownfoundation.com\\\/#website\",\"url\":\"https:\\\/\\\/www.goldcrownfoundation.com\\\/\",\"name\":\"Gold Crown Foundation\",\"description\":\"\",\"publisher\":{\"@id\":\"https:\\\/\\\/www.goldcrownfoundation.com\\\/#organization\"},\"potentialAction\":[{\"@type\":\"SearchAction\",\"target\":{\"@type\":\"EntryPoint\",\"urlTemplate\":\"https:\\\/\\\/www.goldcrownfoundation.com\\\/?s={search_term_string}\"},\"query-input\":{\"@type\":\"PropertyValueSpecification\",\"valueRequired\":true,\"valueName\":\"search_term_string\"}}],\"inLanguage\":\"es\"},{\"@type\":\"Organization\",\"@id\":\"https:\\\/\\\/www.goldcrownfoundation.com\\\/#organization\",\"name\":\"Gold Crown Foundation\",\"url\":\"https:\\\/\\\/www.goldcrownfoundation.com\\\/\",\"logo\":{\"@type\":\"ImageObject\",\"inLanguage\":\"es\",\"@id\":\"https:\\\/\\\/www.goldcrownfoundation.com\\\/#\\\/schema\\\/logo\\\/image\\\/\",\"url\":\"https:\\\/\\\/www.goldcrownfoundation.com\\\/wp-content\\\/uploads\\\/2018\\\/11\\\/gcf-logo.svg\",\"contentUrl\":\"https:\\\/\\\/www.goldcrownfoundation.com\\\/wp-content\\\/uploads\\\/2018\\\/11\\\/gcf-logo.svg\",\"caption\":\"Gold Crown Foundation\"},\"image\":{\"@id\":\"https:\\\/\\\/www.goldcrownfoundation.com\\\/#\\\/schema\\\/logo\\\/image\\\/\"}}]}<\/script>\n<!-- \/ Yoast SEO plugin. -->","yoast_head_json":{"title":"Health Hub - Gold Crown Foundation","robots":{"index":"index","follow":"follow","max-snippet":"max-snippet:-1","max-image-preview":"max-image-preview:large","max-video-preview":"max-video-preview:-1"},"canonical":"https:\/\/www.goldcrownfoundation.com\/es\/about-us\/health-hub\/","og_locale":"es_MX","og_type":"article","og_title":"Health Hub - Gold Crown Foundation","og_description":"At Gold Crown Foundation, we believe our responsibility for youth development should include \u201cthe whole child.\u201d This could be physical, emotional or mental health. We are proud to be a [&hellip;]","og_url":"https:\/\/www.goldcrownfoundation.com\/es\/about-us\/health-hub\/","og_site_name":"Gold Crown Foundation","article_modified_time":"2019-06-13T18:05:44+00:00","twitter_card":"summary_large_image","twitter_misc":{"Tiempo de lectura":"2 minutos"},"schema":{"@context":"https:\/\/schema.org","@graph":[{"@type":"WebPage","@id":"https:\/\/www.goldcrownfoundation.com\/es\/about-us\/health-hub\/","url":"https:\/\/www.goldcrownfoundation.com\/es\/about-us\/health-hub\/","name":"Health Hub - Gold Crown Foundation","isPartOf":{"@id":"https:\/\/www.goldcrownfoundation.com\/#website"},"datePublished":"2018-11-05T22:36:06+00:00","dateModified":"2019-06-13T18:05:44+00:00","breadcrumb":{"@id":"https:\/\/www.goldcrownfoundation.com\/es\/about-us\/health-hub\/#breadcrumb"},"inLanguage":"es","potentialAction":[{"@type":"ReadAction","target":["https:\/\/www.goldcrownfoundation.com\/es\/about-us\/health-hub\/"]}]},{"@type":"BreadcrumbList","@id":"https:\/\/www.goldcrownfoundation.com\/es\/about-us\/health-hub\/#breadcrumb","itemListElement":[{"@type":"ListItem","position":1,"name":"Home","item":"https:\/\/www.goldcrownfoundation.com\/"},{"@type":"ListItem","position":2,"name":"About Us","item":"https:\/\/www.goldcrownfoundation.com\/about-us\/"},{"@type":"ListItem","position":3,"name":"Health Hub"}]},{"@type":"WebSite","@id":"https:\/\/www.goldcrownfoundation.com\/#website","url":"https:\/\/www.goldcrownfoundation.com\/","name":"Fundaci\u00f3n Corona de Oro","description":"","publisher":{"@id":"https:\/\/www.goldcrownfoundation.com\/#organization"},"potentialAction":[{"@type":"SearchAction","target":{"@type":"EntryPoint","urlTemplate":"https:\/\/www.goldcrownfoundation.com\/?s={search_term_string}"},"query-input":{"@type":"PropertyValueSpecification","valueRequired":true,"valueName":"search_term_string"}}],"inLanguage":"es"},{"@type":"Organization","@id":"https:\/\/www.goldcrownfoundation.com\/#organization","name":"Fundaci\u00f3n Corona de Oro","url":"https:\/\/www.goldcrownfoundation.com\/","logo":{"@type":"ImageObject","inLanguage":"es","@id":"https:\/\/www.goldcrownfoundation.com\/#\/schema\/logo\/image\/","url":"https:\/\/www.goldcrownfoundation.com\/wp-content\/uploads\/2018\/11\/gcf-logo.svg","contentUrl":"https:\/\/www.goldcrownfoundation.com\/wp-content\/uploads\/2018\/11\/gcf-logo.svg","caption":"Gold Crown Foundation"},"image":{"@id":"https:\/\/www.goldcrownfoundation.com\/#\/schema\/logo\/image\/"}}]}},"_links":{"self":[{"href":"https:\/\/www.goldcrownfoundation.com\/es\/wp-json\/wp\/v2\/pages\/43","targetHints":{"allow":["GET"]}}],"collection":[{"href":"https:\/\/www.goldcrownfoundation.com\/es\/wp-json\/wp\/v2\/pages"}],"about":[{"href":"https:\/\/www.goldcrownfoundation.com\/es\/wp-json\/wp\/v2\/types\/page"}],"author":[{"embeddable":true,"href":"https:\/\/www.goldcrownfoundation.com\/es\/wp-json\/wp\/v2\/users\/1"}],"replies":[{"embeddable":true,"href":"https:\/\/www.goldcrownfoundation.com\/es\/wp-json\/wp\/v2\/comments?post=43"}],"version-history":[{"count":0,"href":"https:\/\/www.goldcrownfoundation.com\/es\/wp-json\/wp\/v2\/pages\/43\/revisions"}],"up":[{"embeddable":true,"href":"https:\/\/www.goldcrownfoundation.com\/es\/wp-json\/wp\/v2\/pages\/34"}],"wp:attachment":[{"href":"https:\/\/www.goldcrownfoundation.com\/es\/wp-json\/wp\/v2\/media?parent=43"}],"curies":[{"name":"wp","href":"https:\/\/api.w.org\/{rel}","templated":true}]}}