{"id":49,"date":"2018-11-05T15:36:09","date_gmt":"2018-11-05T22:36:09","guid":{"rendered":"https:\/\/www.goldcrownfoundation.com\/officials\/"},"modified":"2025-03-03T13:43:43","modified_gmt":"2025-03-03T20:43:43","slug":"officials","status":"publish","type":"page","link":"https:\/\/www.goldcrownfoundation.com\/es\/officials\/","title":{"rendered":"Funcionarios"},"content":{"rendered":"<div id=\"pl-49\"  class=\"panel-layout\" ><div id=\"pg-49-0\"  class=\"panel-grid panel-no-style\" ><div id=\"pgc-49-0-0\"  class=\"panel-grid-cell\" ><div id=\"panel-49-0-0-0\" class=\"so-panel widget widget_sow-editor panel-first-child panel-last-child\" data-index=\"0\" ><div\n\t\t\t\n\t\t\tclass=\"so-widget-sow-editor so-widget-sow-editor-base\"\n\t\t\t\n\t\t>\n<div class=\"siteorigin-widget-tinymce textwidget\">\n\t<p>We value all officials as an important and integral part of the experiences we provide to the youth that participate in our programs. \u00a0As youth sports begins to approach a significant shortage of officials, the research suggests that part of this is related to the verbal abuse and hostile environment some officials experience. At Gold Crown Foundation we recognize that our basketball officials provide a very important service to the game and the youth that participate in our programs. Ultimately, our officials are on the court to help the children learn the rules and how to play the game the right way. Without the men and women that officiate we simply wouldn\u2019t be able to operate the best youth basketball program in the state.<\/p>\n<\/div>\n<\/div><\/div><\/div><\/div><div id=\"pg-49-2\"  class=\"panel-grid panel-no-style\" ><div id=\"pgc-49-2-0\"  class=\"panel-grid-cell\" ><div id=\"panel-49-2-0-0\" class=\"so-panel widget widget_sow-editor panel-first-child\" data-index=\"3\" ><div\n\t\t\t\n\t\t\tclass=\"so-widget-sow-editor so-widget-sow-editor-base\"\n\t\t\t\n\t\t><h3 class=\"widget-title\">Comentarios<\/h3>\n<div class=\"siteorigin-widget-tinymce textwidget\">\n\t<p>Gracias por darnos su opini\u00f3n sobre un Oficial de Gold Crown. Por favor, complete el siguiente formulario con precisi\u00f3n y honestidad acerca de su experiencia durante su partido de baloncesto. Para que podamos beneficiarnos de sus comentarios, le pedimos que proporcione informaci\u00f3n lo m\u00e1s detallada posible. Despu\u00e9s de enviar sus comentarios, alguien del personal de Gold Crown se pondr\u00e1 en contacto con usted.<\/p>\n<p><strong>TENGA EN CUENTA:<\/strong>\u00a0NO aceptamos pruebas en v\u00eddeo como parte del proceso de revisi\u00f3n. Solo revisaremos los comentarios que se presenten por escrito.<\/p>\n<\/div>\n<\/div><\/div><div id=\"panel-49-2-0-1\" class=\"widget_text so-panel widget widget_custom_html panel-last-child\" data-index=\"4\" ><div class=\"textwidget custom-html-widget\"><script type=\"text\/javascript\" src=\"https:\/\/form.jotform.com\/jsform\/62494794016968\"><\/script><\/div><\/div><\/div><div id=\"pgc-49-2-1\"  class=\"panel-grid-cell\" ><div id=\"panel-49-2-1-0\" class=\"so-panel widget widget_siteorigin-panels-builder panel-first-child panel-last-child\" data-index=\"5\" ><div id=\"pl-w65244e0b2eb73\"  class=\"panel-layout\" ><div id=\"pg-w65244e0b2eb73-0\"  class=\"panel-grid panel-no-style\" ><div id=\"pgc-w65244e0b2eb73-0-0\"  class=\"panel-grid-cell\" ><div id=\"panel-w65244e0b2eb73-0-0-0\" class=\"so-panel widget widget_sow-editor panel-first-child\" data-index=\"0\" ><div\n\t\t\t\n\t\t\tclass=\"so-widget-sow-editor so-widget-sow-editor-base\"\n\t\t\t\n\t\t><h3 class=\"widget-title\">Nuevos funcionarios<\/h3>\n<div class=\"siteorigin-widget-tinymce textwidget\">\n\t<ul>\n<li>Crea tu propio horario<\/li>\n<li>Sigue participando en el deporte que amas<\/li>\n<li>Retribuir y ayudar a la pr\u00f3xima generaci\u00f3n de jugadores de baloncesto<\/li>\n<li>Gana $25 por partido, sueldo base<\/li>\n<li>Formaci\u00f3n adicional disponible a trav\u00e9s de la Gold Crown Academy<\/li>\n<li>No se requiere experiencia<\/li>\n<li>\u00bfEst\u00e1 interesado? Rellene el siguiente formulario<\/li>\n<li><a href=\"https:\/\/www.goldcrownfoundation.com\/wp-content\/uploads\/2018\/12\/New-Official-Resources-11.12.20.pdf\" target=\"_blank\" rel=\"noopener noreferrer\">Nuevos recursos oficiales<\/a><\/li>\n<\/ul>\n<\/div>\n<\/div><\/div><div id=\"panel-w65244e0b2eb73-0-0-1\" class=\"so-panel widget widget_sow-button\" data-index=\"1\" ><div\n\t\t\t\n\t\t\tclass=\"so-widget-sow-button so-widget-sow-button-flat-10ec440a5d02\"\n\t\t\t\n\t\t><div class=\"ow-button-base ow-button-align-center\"\n>\n\t\t\t<a\n\t\t\t\t\thref=\"https:\/\/form.jotform.com\/62156752577969\"\n\t\t\t\t\tclass=\"sowb-button ow-icon-placement-left ow-button-hover\" target=\"_blank\" rel=\"noopener noreferrer\" \t>\n\t\t<span>\n\t\t\t\n\t\t\tSolicitar aqu\u00ed\t\t<\/span>\n\t\t\t<\/a>\n\t<\/div>\n<\/div><\/div><div id=\"panel-w65244e0b2eb73-0-0-2\" class=\"so-panel widget widget_sow-editor\" data-index=\"2\" ><div\n\t\t\t\n\t\t\tclass=\"so-widget-sow-editor so-widget-sow-editor-base\"\n\t\t\t\n\t\t><h3 class=\"widget-title\">Funcionarios actuales<\/h3>\n<div class=\"siteorigin-widget-tinymce textwidget\">\n\t<ul>\n<li>Trabaja en partidos de baloncesto juvenil de 2<sup>nd<\/sup> - 12<sup>th<\/sup> grado<\/li>\n<li>Ser un modelo positivo para los participantes<\/li>\n<li>Ligas y torneos de baloncesto Gold Crown<\/li>\n<li>Mayor\u00eda de partidos en el Gold Crown Field House<\/li>\n<li>Ser mentor de los nuevos entrenadores de reglas<\/li>\n<li>Retribuir a la comunidad<\/li>\n<li>Trabajar hasta llegar al instituto\/universidad<\/li>\n<\/ul>\n<\/div>\n<\/div><\/div><div id=\"panel-w65244e0b2eb73-0-0-3\" class=\"so-panel widget widget_sow-button\" data-index=\"3\" ><div\n\t\t\t\n\t\t\tclass=\"so-widget-sow-button so-widget-sow-button-flat-10ec440a5d02\"\n\t\t\t\n\t\t><div class=\"ow-button-base ow-button-align-center\"\n>\n\t\t\t<a\n\t\t\t\t\thref=\"https:\/\/form.jotform.com\/223046183707151\"\n\t\t\t\t\tclass=\"sowb-button ow-icon-placement-left ow-button-hover\" target=\"_blank\" rel=\"noopener noreferrer\" \t>\n\t\t<span>\n\t\t\t\n\t\t\tFormulario de solicitud de evaluaci\u00f3n\t\t<\/span>\n\t\t\t<\/a>\n\t<\/div>\n<\/div><\/div><div id=\"panel-w65244e0b2eb73-0-0-4\" class=\"so-panel widget widget_sow-editor panel-last-child\" data-index=\"4\" ><div\n\t\t\t\n\t\t\tclass=\"so-widget-sow-editor so-widget-sow-editor-base\"\n\t\t\t\n\t\t><h3 class=\"widget-title\">Desarrollo profesional<\/h3>\n<div class=\"siteorigin-widget-tinymce textwidget\">\n\t<p>Gold Crown Officiating se compromete a mucho m\u00e1s que simplemente asignar partidos de baloncesto. Nuestro Departamento de Arbitraje es inquebrantable en nuestro compromiso de mejorar el estado general de arbitraje en todo Colorado. A trav\u00e9s del desarrollo profesional en forma de videos educativos y recursos, nuestra Gold Crown Officiating Academy y la retroalimentaci\u00f3n compartida, esperamos ser testigos de un impacto positivo en todos los niveles de arbitraje en toda el \u00e1rea metropolitana de Denver.<\/p>\n<p><a href=\"https:\/\/www.goldcrownfoundation.com\/wp-content\/uploads\/2021\/02\/GCO-Professional-Development-Resources-Current-1.pdf\">Recursos para el desarrollo profesional<\/a><\/p>\n<\/div>\n<\/div><\/div><\/div><\/div><div id=\"pg-w65244e0b2eb73-1\"  class=\"panel-grid panel-no-style\" ><div id=\"pgc-w65244e0b2eb73-1-0\"  class=\"panel-grid-cell\" ><\/div><\/div><\/div><\/div><\/div><\/div><div id=\"pg-49-4\"  class=\"panel-grid panel-no-style\" ><div id=\"pgc-49-4-0\"  class=\"panel-grid-cell\" ><div id=\"panel-49-4-0-0\" class=\"so-panel widget widget_folsom-program-sponsors panel-first-child panel-last-child\" data-index=\"7\" ><div\n\t\t\t\n\t\t\tclass=\"so-widget-folsom-program-sponsors so-widget-folsom-program-sponsors-default-d75171398898-49\"\n\t\t\t\n\t\t><div class=\"widget-wrap\">\n  <div class=\"owl-carousel owl-theme owl-carousel-sponsors\">\n        <div>\n                <a href=\"https:\/\/coorsfoundation.org\/\" target=\"_blank\" rel=\"nofollow noopener\">\n                  <img decoding=\"async\" src=\"https:\/\/www.goldcrownfoundation.com\/wp-content\/uploads\/2019\/01\/ACF_Logo_color-glow.jpg\">\n                <\/a>\n            <\/div>\n        <div>\n                <a href=\"https:\/\/www.alpinebank.com\/\" target=\"_blank\" rel=\"nofollow noopener\">\n                  <img decoding=\"async\" src=\"https:\/\/www.goldcrownfoundation.com\/wp-content\/uploads\/2018\/12\/Alpine-Bank-Color-stacked-logo_0.jpg\">\n                <\/a>\n            <\/div>\n        <div>\n                <a href=\"https:\/\/www.theanschutzfoundation.org\/\" target=\"_blank\" rel=\"nofollow noopener\">\n                  <img decoding=\"async\" src=\"https:\/\/www.goldcrownfoundation.com\/wp-content\/uploads\/2019\/01\/anschutz.jpg\">\n                <\/a>\n            <\/div>\n        <div>\n                <a href=\"https:\/\/bmroofing.com\/\" target=\"_blank\" rel=\"nofollow noopener\">\n                  <img decoding=\"async\" src=\"https:\/\/www.goldcrownfoundation.com\/wp-content\/uploads\/2018\/12\/BM.jpg\">\n                <\/a>\n            <\/div>\n        <div>\n                <a href=\"https:\/\/www.blueskyplumbing.com\/\" target=\"_blank\" rel=\"nofollow noopener\">\n                  <img decoding=\"async\" src=\"https:\/\/www.goldcrownfoundation.com\/wp-content\/uploads\/2026\/01\/BS_Secondary-Script_Full-Color-scaled.png\">\n                <\/a>\n            <\/div>\n        <div>\n                <a href=\"https:\/\/www.bestbuy.com\/\" target=\"_blank\" rel=\"nofollow noopener\">\n                  <img decoding=\"async\" src=\"https:\/\/www.goldcrownfoundation.com\/wp-content\/uploads\/2021\/01\/BestBuy_Logo_Primary_rgb_small.png\">\n                <\/a>\n            <\/div>\n        <div>\n                <a href=\"https:\/\/www.childrenscolorado.org\/\" target=\"_blank\" rel=\"nofollow noopener\">\n                  <img decoding=\"async\" src=\"https:\/\/www.goldcrownfoundation.com\/wp-content\/uploads\/2018\/11\/sponsor-childrens.png\">\n                <\/a>\n            <\/div>\n        <div>\n                <a href=\"https:\/\/chsaanow.com\/\" target=\"_blank\" rel=\"nofollow noopener\">\n                  <img decoding=\"async\" src=\"https:\/\/www.goldcrownfoundation.com\/wp-content\/uploads\/2025\/07\/CHSAA-Logo-1920-e1759524766107.png\">\n                <\/a>\n            <\/div>\n        <div>\n                <a href=\"https:\/\/theclubhousenetwork.org\/\" target=\"_blank\" rel=\"nofollow noopener\">\n                  <img decoding=\"async\" src=\"https:\/\/www.goldcrownfoundation.com\/wp-content\/uploads\/2020\/08\/TheClubhouseNetwork_SquareLogo_CMYK_Large.png\">\n                <\/a>\n            <\/div>\n        <div>\n                <a href=\"https:\/\/www.mlb.com\/rockies\" target=\"_blank\" rel=\"nofollow noopener\">\n                  <img decoding=\"async\" src=\"https:\/\/www.goldcrownfoundation.com\/wp-content\/uploads\/2018\/11\/sponsor-rockies.png\">\n                <\/a>\n            <\/div>\n        <div>\n                <a href=\"https:\/\/comfortdental.com\/\" target=\"_blank\" rel=\"nofollow noopener\">\n                  <img decoding=\"async\" src=\"https:\/\/www.goldcrownfoundation.com\/wp-content\/uploads\/2025\/12\/CD-EN-stacked-NOtagline-purple-CMYK-e1766442301451.jpg\">\n                <\/a>\n            <\/div>\n        <div>\n                <a href=\"https:\/\/corporate.comcast.com\/\" target=\"_blank\" rel=\"nofollow noopener\">\n                  <img decoding=\"async\" src=\"https:\/\/www.goldcrownfoundation.com\/wp-content\/uploads\/2022\/06\/Comcast_M_COLOR_BLK.jpg\">\n                <\/a>\n            <\/div>\n        <div>\n                <a href=\"https:\/\/www.cuanschutz.edu\/education\/student-resources\" target=\"_blank\" rel=\"nofollow noopener\">\n                  <img decoding=\"async\" src=\"https:\/\/www.goldcrownfoundation.com\/wp-content\/uploads\/2020\/11\/CUAnschutz_c_clr.png\">\n                <\/a>\n            <\/div>\n        <div>\n                <a href=\"https:\/\/danielsfund.org\/\" target=\"_blank\" rel=\"nofollow noopener\">\n                  <img decoding=\"async\" src=\"https:\/\/www.goldcrownfoundation.com\/wp-content\/uploads\/2018\/12\/DanielsFundSponsor-2.jpg\">\n                <\/a>\n            <\/div>\n        <div>\n                <a href=\"https:\/\/www.dawnfoods.com\/\" target=\"_blank\" rel=\"nofollow noopener\">\n                  <img decoding=\"async\" src=\"https:\/\/www.goldcrownfoundation.com\/wp-content\/uploads\/2024\/09\/dawn-foods_small.png\">\n                <\/a>\n            <\/div>\n        <div>\n                <a href=\"https:\/\/www.denverbroncos.com\/community\/foundation\/\" target=\"_blank\" rel=\"nofollow noopener\">\n                  <img decoding=\"async\" src=\"https:\/\/www.goldcrownfoundation.com\/wp-content\/uploads\/2024\/06\/DBF_Vertical_FullColor_CMYK-100-Small.png\">\n                <\/a>\n            <\/div>\n        <div>\n                <a href=\"https:\/\/www.nba.com\/nuggets\/?tmd=1\" target=\"_blank\" rel=\"nofollow noopener\">\n                  <img decoding=\"async\" src=\"https:\/\/www.goldcrownfoundation.com\/wp-content\/uploads\/2018\/11\/nugs.png\">\n                <\/a>\n            <\/div>\n        <div>\n                <a href=\"https:\/\/cmm.dickssportinggoods.com\/crmcdn\/getoffer.aspx?offer_entity_code=O2419KKC&token=-NF2Q66CX5RT6DYlxK-dkmLXxwYjFpmD9gbuqUmWSshFblxuAbkUoXP6sCMAE-41mEV1R6bfn27uDU8fHt7bQ2\" target=\"_blank\" rel=\"nofollow noopener\">\n                  <img decoding=\"async\" src=\"https:\/\/www.goldcrownfoundation.com\/wp-content\/uploads\/2018\/12\/sponsor-dicks.png\">\n                <\/a>\n            <\/div>\n        <div>\n                <a href=\"https:\/\/enviro-master.com\/\" target=\"_blank\" rel=\"nofollow noopener\">\n                  <img decoding=\"async\" src=\"https:\/\/www.goldcrownfoundation.com\/wp-content\/uploads\/2023\/10\/EM.Logo-2023-Small.png\">\n                <\/a>\n            <\/div>\n        <div>\n                <a href=\"https:\/\/www.efirstbank.com\/home.htm\" target=\"_blank\" rel=\"nofollow noopener\">\n                  <img decoding=\"async\" src=\"https:\/\/www.goldcrownfoundation.com\/wp-content\/uploads\/2018\/11\/sponsor-1stbank.png\">\n                <\/a>\n            <\/div>\n        <div>\n                <a href=\"https:\/\/www.foxgiving.org\/\" target=\"_blank\" rel=\"nofollow noopener\">\n                  <img decoding=\"async\" src=\"https:\/\/www.goldcrownfoundation.com\/wp-content\/uploads\/2019\/01\/0.png\">\n                <\/a>\n            <\/div>\n        <div>\n                <a href=\"https:\/\/www.key.com\/personal\/index.html\" target=\"_blank\" rel=\"nofollow noopener\">\n                  <img decoding=\"async\" src=\"https:\/\/www.goldcrownfoundation.com\/wp-content\/uploads\/2023\/11\/KeyBank-logo_small.jpg\">\n                <\/a>\n            <\/div>\n        <div>\n                <a href=\"https:\/\/www.pepsicenter.com\/arena-information\/kroenke-sports-charities\" target=\"_blank\" rel=\"nofollow noopener\">\n                  <img decoding=\"async\" src=\"https:\/\/www.goldcrownfoundation.com\/wp-content\/uploads\/2018\/12\/Kroenke-Sports-Charities-C_horz.png\">\n                <\/a>\n            <\/div>\n        <div>\n                <a href=\"https:\/\/www.localphchelp.com\/\" target=\"_blank\" rel=\"nofollow noopener\">\n                  <img decoding=\"async\" src=\"https:\/\/www.goldcrownfoundation.com\/wp-content\/uploads\/2025\/06\/Local-PHC-Logo-w-Phone.png\">\n                <\/a>\n            <\/div>\n        <div>\n                <a href=\"https:\/\/www.lockheedmartin.com\/en-us\/index.html\" target=\"_blank\" rel=\"nofollow noopener\">\n                  <img decoding=\"async\" src=\"https:\/\/www.goldcrownfoundation.com\/wp-content\/uploads\/2023\/11\/lockheed-martin-logo_small.jpg\">\n                <\/a>\n            <\/div>\n        <div>\n                <a href=\"https:\/\/nbafoundation.nba.com\/\" target=\"_blank\" rel=\"nofollow noopener\">\n                  <img decoding=\"async\" src=\"https:\/\/www.goldcrownfoundation.com\/wp-content\/uploads\/2026\/02\/NBA_Foundation-scaled.png\">\n                <\/a>\n            <\/div>\n        <div>\n                <a href=\"https:\/\/www.nextlevelsppt.com\/\" target=\"_blank\" rel=\"nofollow noopener\">\n                  <img decoding=\"async\" src=\"https:\/\/www.goldcrownfoundation.com\/wp-content\/uploads\/2023\/07\/NEXT_LEVEL_ART_SMall.png\">\n                <\/a>\n            <\/div>\n        <div>\n                <a href=\"https:\/\/www.mountain.commonspirit.org\/location\/orthocolorado-hospital\" target=\"_blank\" rel=\"nofollow noopener\">\n                  <img decoding=\"async\" src=\"https:\/\/www.goldcrownfoundation.com\/wp-content\/uploads\/2022\/10\/2024Logo_OCH_Solid_Vert_DIGITAL-e1712775117289.jpg\">\n                <\/a>\n            <\/div>\n        <div>\n                <a href=\"https:\/\/www.ottenjohnson.com\/\" target=\"_blank\" rel=\"nofollow noopener\">\n                  <img decoding=\"async\" src=\"https:\/\/www.goldcrownfoundation.com\/wp-content\/uploads\/2018\/12\/0.jpg\">\n                <\/a>\n            <\/div>\n        <div>\n                <a href=\"https:\/\/www.pepsi.com\/\" target=\"_blank\" rel=\"nofollow noopener\">\n                  <img decoding=\"async\" src=\"https:\/\/www.goldcrownfoundation.com\/wp-content\/uploads\/2025\/12\/FullColor-GlobeLogo-e1765489570374.png\">\n                <\/a>\n            <\/div>\n        <div>\n                <a href=\"https:\/\/www.ramoslaw.com\/\" target=\"_blank\" rel=\"nofollow noopener\">\n                  <img decoding=\"async\" src=\"https:\/\/www.goldcrownfoundation.com\/wp-content\/uploads\/2026\/02\/Ramos-Law-Stacked-Logo-e1771952637689.png\">\n                <\/a>\n            <\/div>\n        <div>\n                <a href=\"https:\/\/raisingcanes.com\/home\" target=\"_blank\" rel=\"nofollow noopener\">\n                  <img decoding=\"async\" src=\"https:\/\/www.goldcrownfoundation.com\/wp-content\/uploads\/2025\/02\/RaisingCanes_Logo_cmyk-border_small.png\">\n                <\/a>\n            <\/div>\n      <\/div>\n<\/div>\n\n<script type=\"text\/javascript\">\njQuery(document).ready(function() {\n  jQuery(\".owl-carousel-sponsors\").owlCarousel({\n    items: 6,\n    margin: 15,\n    loop: true,\n    center: true,\n    nav: false,\n    dots: false,\n    autoplay: true,\n    autoplayTimeout: 3000,\n    autoplayHoverPause: true,\n      });\n});\n<\/script><\/div><\/div><\/div><\/div><\/div>","protected":false},"excerpt":{"rendered":"<p>We value all officials as an important and integral part of the experiences we provide to the youth that participate in our programs. \u00a0As youth sports begins to approach a [&hellip;]<\/p>\n","protected":false},"author":1,"featured_media":0,"parent":0,"menu_order":0,"comment_status":"closed","ping_status":"closed","template":"","meta":{"inline_featured_image":false,"_monsterinsights_skip_tracking":false,"_monsterinsights_sitenote_active":false,"_monsterinsights_sitenote_note":"","_monsterinsights_sitenote_category":0,"footnotes":""},"class_list":["post-49","page","type-page","status-publish","hentry","post"],"yoast_head":"<!-- This site is optimized with the Yoast SEO plugin v27.3 - https:\/\/yoast.com\/product\/yoast-seo-wordpress\/ -->\n<title>Officials - Gold Crown Foundation<\/title>\n<meta name=\"robots\" content=\"index, follow, max-snippet:-1, max-image-preview:large, max-video-preview:-1\" \/>\n<link rel=\"canonical\" href=\"https:\/\/www.goldcrownfoundation.com\/es\/officials\/\" \/>\n<meta property=\"og:locale\" content=\"es_MX\" \/>\n<meta property=\"og:type\" content=\"article\" \/>\n<meta property=\"og:title\" content=\"Officials - Gold Crown Foundation\" \/>\n<meta property=\"og:description\" content=\"We value all officials as an important and integral part of the experiences we provide to the youth that participate in our programs. \u00a0As youth sports begins to approach a [&hellip;]\" \/>\n<meta property=\"og:url\" content=\"https:\/\/www.goldcrownfoundation.com\/es\/officials\/\" \/>\n<meta property=\"og:site_name\" content=\"Gold Crown Foundation\" \/>\n<meta property=\"article:modified_time\" content=\"2025-03-03T20:43:43+00:00\" \/>\n<meta property=\"og:image\" content=\"https:\/\/www.goldcrownfoundation.com\/wp-content\/uploads\/2019\/10\/Rules-Coach.jpg\" \/>\n\t<meta property=\"og:image:width\" content=\"1231\" \/>\n\t<meta property=\"og:image:height\" content=\"821\" \/>\n\t<meta property=\"og:image:type\" content=\"image\/jpeg\" \/>\n<meta name=\"twitter:card\" content=\"summary_large_image\" \/>\n<meta name=\"twitter:image\" content=\"https:\/\/www.goldcrownfoundation.com\/wp-content\/uploads\/2020\/02\/Officiating-1.jpg\" \/>\n<meta name=\"twitter:label1\" content=\"Tiempo de lectura\" \/>\n\t<meta name=\"twitter:data1\" content=\"8 minutos\" \/>\n<script type=\"application\/ld+json\" class=\"yoast-schema-graph\">{\"@context\":\"https:\\\/\\\/schema.org\",\"@graph\":[{\"@type\":\"WebPage\",\"@id\":\"https:\\\/\\\/www.goldcrownfoundation.com\\\/officials\\\/\",\"url\":\"https:\\\/\\\/www.goldcrownfoundation.com\\\/officials\\\/\",\"name\":\"Officials - Gold Crown Foundation\",\"isPartOf\":{\"@id\":\"https:\\\/\\\/www.goldcrownfoundation.com\\\/#website\"},\"datePublished\":\"2018-11-05T22:36:09+00:00\",\"dateModified\":\"2025-03-03T20:43:43+00:00\",\"breadcrumb\":{\"@id\":\"https:\\\/\\\/www.goldcrownfoundation.com\\\/officials\\\/#breadcrumb\"},\"inLanguage\":\"es\",\"potentialAction\":[{\"@type\":\"ReadAction\",\"target\":[\"https:\\\/\\\/www.goldcrownfoundation.com\\\/officials\\\/\"]}]},{\"@type\":\"BreadcrumbList\",\"@id\":\"https:\\\/\\\/www.goldcrownfoundation.com\\\/officials\\\/#breadcrumb\",\"itemListElement\":[{\"@type\":\"ListItem\",\"position\":1,\"name\":\"Home\",\"item\":\"https:\\\/\\\/www.goldcrownfoundation.com\\\/\"},{\"@type\":\"ListItem\",\"position\":2,\"name\":\"Officials\"}]},{\"@type\":\"WebSite\",\"@id\":\"https:\\\/\\\/www.goldcrownfoundation.com\\\/#website\",\"url\":\"https:\\\/\\\/www.goldcrownfoundation.com\\\/\",\"name\":\"Gold Crown Foundation\",\"description\":\"\",\"publisher\":{\"@id\":\"https:\\\/\\\/www.goldcrownfoundation.com\\\/#organization\"},\"potentialAction\":[{\"@type\":\"SearchAction\",\"target\":{\"@type\":\"EntryPoint\",\"urlTemplate\":\"https:\\\/\\\/www.goldcrownfoundation.com\\\/?s={search_term_string}\"},\"query-input\":{\"@type\":\"PropertyValueSpecification\",\"valueRequired\":true,\"valueName\":\"search_term_string\"}}],\"inLanguage\":\"es\"},{\"@type\":\"Organization\",\"@id\":\"https:\\\/\\\/www.goldcrownfoundation.com\\\/#organization\",\"name\":\"Gold Crown Foundation\",\"url\":\"https:\\\/\\\/www.goldcrownfoundation.com\\\/\",\"logo\":{\"@type\":\"ImageObject\",\"inLanguage\":\"es\",\"@id\":\"https:\\\/\\\/www.goldcrownfoundation.com\\\/#\\\/schema\\\/logo\\\/image\\\/\",\"url\":\"https:\\\/\\\/www.goldcrownfoundation.com\\\/wp-content\\\/uploads\\\/2018\\\/11\\\/gcf-logo.svg\",\"contentUrl\":\"https:\\\/\\\/www.goldcrownfoundation.com\\\/wp-content\\\/uploads\\\/2018\\\/11\\\/gcf-logo.svg\",\"caption\":\"Gold Crown Foundation\"},\"image\":{\"@id\":\"https:\\\/\\\/www.goldcrownfoundation.com\\\/#\\\/schema\\\/logo\\\/image\\\/\"}}]}<\/script>\n<!-- \/ Yoast SEO plugin. -->","yoast_head_json":{"title":"Officials - Gold Crown Foundation","robots":{"index":"index","follow":"follow","max-snippet":"max-snippet:-1","max-image-preview":"max-image-preview:large","max-video-preview":"max-video-preview:-1"},"canonical":"https:\/\/www.goldcrownfoundation.com\/es\/officials\/","og_locale":"es_MX","og_type":"article","og_title":"Officials - Gold Crown Foundation","og_description":"We value all officials as an important and integral part of the experiences we provide to the youth that participate in our programs. \u00a0As youth sports begins to approach a [&hellip;]","og_url":"https:\/\/www.goldcrownfoundation.com\/es\/officials\/","og_site_name":"Gold Crown Foundation","article_modified_time":"2025-03-03T20:43:43+00:00","og_image":[{"width":1231,"height":821,"url":"https:\/\/www.goldcrownfoundation.com\/wp-content\/uploads\/2019\/10\/Rules-Coach.jpg","type":"image\/jpeg"}],"twitter_card":"summary_large_image","twitter_image":"https:\/\/www.goldcrownfoundation.com\/wp-content\/uploads\/2020\/02\/Officiating-1.jpg","twitter_misc":{"Tiempo de lectura":"8 minutos"},"schema":{"@context":"https:\/\/schema.org","@graph":[{"@type":"WebPage","@id":"https:\/\/www.goldcrownfoundation.com\/officials\/","url":"https:\/\/www.goldcrownfoundation.com\/officials\/","name":"Officials - Gold Crown Foundation","isPartOf":{"@id":"https:\/\/www.goldcrownfoundation.com\/#website"},"datePublished":"2018-11-05T22:36:09+00:00","dateModified":"2025-03-03T20:43:43+00:00","breadcrumb":{"@id":"https:\/\/www.goldcrownfoundation.com\/officials\/#breadcrumb"},"inLanguage":"es","potentialAction":[{"@type":"ReadAction","target":["https:\/\/www.goldcrownfoundation.com\/officials\/"]}]},{"@type":"BreadcrumbList","@id":"https:\/\/www.goldcrownfoundation.com\/officials\/#breadcrumb","itemListElement":[{"@type":"ListItem","position":1,"name":"Home","item":"https:\/\/www.goldcrownfoundation.com\/"},{"@type":"ListItem","position":2,"name":"Officials"}]},{"@type":"WebSite","@id":"https:\/\/www.goldcrownfoundation.com\/#website","url":"https:\/\/www.goldcrownfoundation.com\/","name":"Fundaci\u00f3n Corona de Oro","description":"","publisher":{"@id":"https:\/\/www.goldcrownfoundation.com\/#organization"},"potentialAction":[{"@type":"SearchAction","target":{"@type":"EntryPoint","urlTemplate":"https:\/\/www.goldcrownfoundation.com\/?s={search_term_string}"},"query-input":{"@type":"PropertyValueSpecification","valueRequired":true,"valueName":"search_term_string"}}],"inLanguage":"es"},{"@type":"Organization","@id":"https:\/\/www.goldcrownfoundation.com\/#organization","name":"Fundaci\u00f3n Corona de Oro","url":"https:\/\/www.goldcrownfoundation.com\/","logo":{"@type":"ImageObject","inLanguage":"es","@id":"https:\/\/www.goldcrownfoundation.com\/#\/schema\/logo\/image\/","url":"https:\/\/www.goldcrownfoundation.com\/wp-content\/uploads\/2018\/11\/gcf-logo.svg","contentUrl":"https:\/\/www.goldcrownfoundation.com\/wp-content\/uploads\/2018\/11\/gcf-logo.svg","caption":"Gold Crown Foundation"},"image":{"@id":"https:\/\/www.goldcrownfoundation.com\/#\/schema\/logo\/image\/"}}]}},"_links":{"self":[{"href":"https:\/\/www.goldcrownfoundation.com\/es\/wp-json\/wp\/v2\/pages\/49","targetHints":{"allow":["GET"]}}],"collection":[{"href":"https:\/\/www.goldcrownfoundation.com\/es\/wp-json\/wp\/v2\/pages"}],"about":[{"href":"https:\/\/www.goldcrownfoundation.com\/es\/wp-json\/wp\/v2\/types\/page"}],"author":[{"embeddable":true,"href":"https:\/\/www.goldcrownfoundation.com\/es\/wp-json\/wp\/v2\/users\/1"}],"replies":[{"embeddable":true,"href":"https:\/\/www.goldcrownfoundation.com\/es\/wp-json\/wp\/v2\/comments?post=49"}],"version-history":[{"count":0,"href":"https:\/\/www.goldcrownfoundation.com\/es\/wp-json\/wp\/v2\/pages\/49\/revisions"}],"wp:attachment":[{"href":"https:\/\/www.goldcrownfoundation.com\/es\/wp-json\/wp\/v2\/media?parent=49"}],"curies":[{"name":"wp","href":"https:\/\/api.w.org\/{rel}","templated":true}]}}