{"id":58,"date":"2018-11-05T15:36:13","date_gmt":"2018-11-05T22:36:13","guid":{"rendered":"https:\/\/www.goldcrownfoundation.com\/careers\/"},"modified":"2026-04-16T16:21:38","modified_gmt":"2026-04-16T22:21:38","slug":"careers","status":"publish","type":"page","link":"https:\/\/www.goldcrownfoundation.com\/es\/careers\/","title":{"rendered":"Carreras"},"content":{"rendered":"<div id=\"pl-58\"  class=\"panel-layout\" ><div id=\"pg-58-0\"  class=\"panel-grid panel-no-style\" ><div id=\"pgc-58-0-0\"  class=\"panel-grid-cell\" ><div id=\"panel-58-0-0-0\" class=\"so-panel widget widget_sow-editor panel-first-child\" data-index=\"0\" ><div\n\t\t\t\n\t\t\tclass=\"so-widget-sow-editor so-widget-sow-editor-base\"\n\t\t\t\n\t\t>\n<div class=\"siteorigin-widget-tinymce textwidget\">\n\t<p>Gracias por su inter\u00e9s en unirse al equipo de la Fundaci\u00f3n Gold Crown. Somos una organizaci\u00f3n sin \u00e1nimo de lucro compuesta por 20-25 empleados a tiempo completo y parcial. Aunque tenemos m\u00faltiples departamentos, tareas y responsabilidades, todos tenemos una pasi\u00f3n por ayudar a los ni\u00f1os y mejorar nuestra comunidad. Por favor, revise nuestras posiciones abiertas a continuaci\u00f3n. Si usted est\u00e1 interesado en oportunidades de empleo, pero no ve lo que est\u00e1 buscando, por favor env\u00ede su curr\u00edculum a\u00a0<a href=\"mailto:careers@goldcrownfoundation.com\">careers@goldcrownfoundation.com.<\/a><\/p>\n<\/div>\n<\/div><\/div><div id=\"panel-58-0-0-1\" class=\"so-panel widget widget_sow-image\" data-index=\"1\" ><div\n\t\t\t\n\t\t\tclass=\"so-widget-sow-image so-widget-sow-image-default-c67d20f9f743-58\"\n\t\t\t\n\t\t>\n<div class=\"sow-image-container\">\n\t\t<img \n\tsrc=\"https:\/\/www.goldcrownfoundation.com\/wp-content\/uploads\/2026\/03\/IMG_7518.jpg\" width=\"1170\" height=\"840\" srcset=\"https:\/\/www.goldcrownfoundation.com\/wp-content\/uploads\/2026\/03\/IMG_7518.jpg 1170w, https:\/\/www.goldcrownfoundation.com\/wp-content\/uploads\/2026\/03\/IMG_7518-300x215.jpg 300w, https:\/\/www.goldcrownfoundation.com\/wp-content\/uploads\/2026\/03\/IMG_7518-1024x735.jpg 1024w, https:\/\/www.goldcrownfoundation.com\/wp-content\/uploads\/2026\/03\/IMG_7518-768x551.jpg 768w, https:\/\/www.goldcrownfoundation.com\/wp-content\/uploads\/2026\/03\/IMG_7518-18x12.jpg 18w\" sizes=\"(max-width: 1170px) 100vw, 1170px\" title=\"Screenshot\" alt=\"\" \t\tclass=\"so-widget-image\"\/>\n\t<\/div>\n\n<\/div><\/div><div id=\"panel-58-0-0-4\" class=\"so-panel widget widget_sow-editor\" data-index=\"4\" ><div\n\t\t\t\n\t\t\tclass=\"so-widget-sow-editor so-widget-sow-editor-base\"\n\t\t\t\n\t\t><h3 class=\"widget-title\">Departamento de Desarrollo <\/h3>\n<div class=\"siteorigin-widget-tinymce textwidget\">\n\t<p><strong>Digital Marketing Manager<\/strong><\/p>\n<p>This is a full-time position which will serve in a Managers capacity for Foundation communications and marketing.\u00a0 This role will also serve in support capacity as it relates to the Development department, including grant writing, sponsorship activation, and growing the Health Huddle. View the<a href=\"https:\/\/www.goldcrownfoundation.com\/wp-content\/uploads\/2026\/04\/Digital-Marketing-Manager-2026.pdf\" target=\"_blank\" rel=\"noopener\"> Job Description Here<\/a>. To apply, either visit the link below or email <a href=\"mailto:moverton@goldcrownfoundation.com\" target=\"_blank\" rel=\"noopener\">Meghan <\/a>your resume and cover letter.<\/p>\n<\/div>\n<\/div><\/div><div id=\"panel-58-0-0-5\" class=\"so-panel widget widget_sow-button\" data-index=\"5\" ><div\n\t\t\t\n\t\t\tclass=\"so-widget-sow-button so-widget-sow-button-flat-f957ca5527a5-58\"\n\t\t\t\n\t\t><div class=\"ow-button-base ow-button-align-center\"\n>\n\t\t\t<a\n\t\t\t\t\thref=\"https:\/\/www.linkedin.com\/jobs\/view\/4402192571\/\"\n\t\t\t\t\tclass=\"sowb-button ow-icon-placement-left ow-button-hover\" target=\"_blank\" rel=\"noopener noreferrer\" \t>\n\t\t<span>\n\t\t\t\n\t\t\tLinkedIn Job Link\t\t<\/span>\n\t\t\t<\/a>\n\t<\/div>\n<\/div><\/div><div id=\"panel-58-0-0-6\" class=\"so-panel widget widget_sow-editor\" data-index=\"6\" ><div\n\t\t\t\n\t\t\tclass=\"so-widget-sow-editor so-widget-sow-editor-base\"\n\t\t\t\n\t\t><h3 class=\"widget-title\">Departamento de Instalaciones<\/h3>\n<div class=\"siteorigin-widget-tinymce textwidget\">\n\t<p><strong>Trabajador de concesiones<\/strong><\/p>\n<p>El Trabajador del Puesto de Concesiones es responsable de proporcionar servicio al cliente, preparar y servir una variedad de art\u00edculos del men\u00fa, vender art\u00edculos, cobrar el pago y proporcionar el cambio correcto a los clientes. Todos los Trabajadores del Puesto de Concesiones \/ Cajeros reportan directamente al Gerente del Edificio y al Subdirector de Instalaciones. <a href=\"https:\/\/www.goldcrownfoundation.com\/wp-content\/uploads\/2025\/07\/Gold-Crown-Concessions-Job-Description.pdf\" target=\"_blank\" rel=\"noopener\">Ver la descripci\u00f3n completa del puesto.<\/a><\/p>\n<p><strong>Director del edificio<\/strong><\/p>\n<p>\u00bfBuscas experiencia en gesti\u00f3n de instalaciones deportivas? Esta es una gran oportunidad para aprender las operaciones de las instalaciones en lo que respecta a la preparaci\u00f3n de eventos, desmontaje, gesti\u00f3n de edificios, inventario, supervisi\u00f3n de personal y mucho m\u00e1s. Todos los gerentes reportan directamente al Subdirector de Instalaciones. <a href=\"https:\/\/www.goldcrownfoundation.com\/wp-content\/uploads\/2025\/07\/Building-Manager-Job-Description.pdf\" target=\"_blank\" rel=\"noopener\">Ver la descripci\u00f3n completa del puesto.<\/a><\/p>\n<p>&nbsp;<\/p>\n<\/div>\n<\/div><\/div><div id=\"panel-58-0-0-7\" class=\"so-panel widget widget_sow-button\" data-index=\"7\" ><div\n\t\t\t\n\t\t\tclass=\"so-widget-sow-button so-widget-sow-button-flat-03bb8b09de14-58\"\n\t\t\t\n\t\t><div class=\"ow-button-base ow-button-align-center\"\n>\n\t\t\t<a\n\t\t\t\t\thref=\"https:\/\/form.jotform.com\/41115645321141\"\n\t\t\t\t\tclass=\"sowb-button ow-icon-placement-left ow-button-hover\" target=\"_blank\" rel=\"noopener noreferrer\" \t>\n\t\t<span>\n\t\t\t\n\t\t\tSolicitar aqu\u00ed - Instalaciones\t\t<\/span>\n\t\t\t<\/a>\n\t<\/div>\n<\/div><\/div><div id=\"panel-58-0-0-8\" class=\"so-panel widget widget_sow-editor\" data-index=\"8\" ><div\n\t\t\t\n\t\t\tclass=\"so-widget-sow-editor so-widget-sow-editor-base\"\n\t\t\t\n\t\t><h3 class=\"widget-title\">Departamento de Deportes<\/h3>\n<div class=\"siteorigin-widget-tinymce textwidget\">\n\t<p><strong>Gold Crown Sports Programs Internship<\/strong><\/p>\n<p>The Sports Department is looking for a passionate and hardworking individual to assist them in the administration and operations of Gold Crown youth athletic programs.\u00a0 This unpaid internship is a great way to gain knowledge and experience coordinating, supervising and operating basketball, volleyball and golf programs.\u00a0 If you're interested, please <a href=\"mailto:sports@goldcrownfoundation.com\">sports@goldcrownfoundation.com<\/a> by submitting your resume and cover letter.<\/p>\n<p><strong>Youth Basketball Official Evaluator<\/strong><\/p>\n<p>Are you passionate about basketball and officiating? Do you want to help improve the game for youth athletes? We are seeking a dedicated individual to join our team at Gold Crown Foundation as a Youth Basketball Official Evaluator. If you are interested, please click on the job description below to view the details and instructions on how to apply. <a href=\"https:\/\/www.goldcrownfoundation.com\/wp-content\/uploads\/2024\/09\/Youth-Basketball-Official-Evaluator-Job-Description.pdf\">Youth Basketball Official Evaluator Job Description.<\/a><\/p>\n<\/div>\n<\/div><\/div><div id=\"panel-58-0-0-9\" class=\"so-panel widget widget_sow-button panel-last-child\" data-index=\"9\" ><div\n\t\t\t\n\t\t\tclass=\"so-widget-sow-button so-widget-sow-button-flat-f957ca5527a5-58\"\n\t\t\t\n\t\t><div class=\"ow-button-base ow-button-align-center\"\n>\n\t\t\t<a\n\t\t\t\t\thref=\"https:\/\/www.goldcrownfoundation.com\/wp-content\/uploads\/2024\/09\/Youth-Basketball-Official-Evaluator-Job-Description.pdf\"\n\t\t\t\t\tclass=\"sowb-button ow-icon-placement-left ow-button-hover\" target=\"_blank\" rel=\"noopener noreferrer\" \t>\n\t\t<span>\n\t\t\t\n\t\t\tApply Here - Youth Basketball Official Evaluator\t\t<\/span>\n\t\t\t<\/a>\n\t<\/div>\n<\/div><\/div><\/div><\/div><div id=\"pg-58-1\"  class=\"panel-grid panel-no-style\" ><div id=\"pgc-58-1-0\"  class=\"panel-grid-cell\" ><div id=\"panel-58-1-0-0\" class=\"so-panel widget widget_carousel panel-first-child panel-last-child\" data-index=\"10\" ><div\n\t\t\t\n\t\t\tclass=\"so-widget-carousel so-widget-carousel-carousel-654223f08751-58\"\n\t\t\t\n\t\t><div class=\"widget-wrap\">\n  <div class=\"owl-carousel owl-theme\" id=\"owl-\">\n        <div>\n              <img decoding=\"async\" src=\"https:\/\/www.goldcrownfoundation.com\/wp-content\/uploads\/2018\/12\/StaffPic.jpg\">\n      \n          <\/div>\n        <div>\n              <img decoding=\"async\" src=\"https:\/\/www.goldcrownfoundation.com\/wp-content\/uploads\/2022\/05\/Coffee-and-Cocktails-scaled.jpg\">\n      \n          <\/div>\n        <div>\n              <img decoding=\"async\" src=\"https:\/\/www.goldcrownfoundation.com\/wp-content\/uploads\/2022\/05\/TopGolf2.jpg\">\n      \n          <\/div>\n        <div>\n              <img decoding=\"async\" src=\"https:\/\/www.goldcrownfoundation.com\/wp-content\/uploads\/2022\/05\/Photo-May-11-1-30-12-PM-scaled.jpg\">\n      \n          <\/div>\n        <div>\n              <img decoding=\"async\" src=\"https:\/\/www.goldcrownfoundation.com\/wp-content\/uploads\/2022\/05\/Photo-Mar-15-11-05-17-AM-scaled.jpg\">\n      \n          <\/div>\n      <\/div>\n<\/div>\n\n<script type=\"text\/javascript\">\njQuery(document).ready(function() {\n  jQuery(\"#owl-\").owlCarousel({\n    items: 3,\n    margin: 15,\n    loop: true,\n    center: true,\n    nav: false,\n    dots: false,\n    autoplay: true,\n    autoplayTimeout: 5000,\n    autoplayHoverPause: true,\n        responsive: {\n      0 : {\n        items: 3\n      },\n      780 : {\n        items: 3\n      },\n      1024 : {\n        items: 3\n      }\n    }\n      });\n});\n<\/script><\/div><\/div><\/div><\/div><\/div>","protected":false},"excerpt":{"rendered":"<p>Thank you for your interest in joining the Gold Crown Foundation Team. We are nonprofit organization comprised of 20-25 full time and part time staff members. While we have multiple [&hellip;]<\/p>\n","protected":false},"author":1,"featured_media":0,"parent":0,"menu_order":0,"comment_status":"closed","ping_status":"closed","template":"","meta":{"inline_featured_image":false,"_monsterinsights_skip_tracking":false,"_monsterinsights_sitenote_active":false,"_monsterinsights_sitenote_note":"","_monsterinsights_sitenote_category":0,"footnotes":""},"class_list":["post-58","page","type-page","status-publish","hentry","post"],"yoast_head":"<!-- This site is optimized with the Yoast SEO plugin v27.4 - https:\/\/yoast.com\/product\/yoast-seo-wordpress\/ -->\n<title>Careers - Gold Crown Foundation<\/title>\n<meta name=\"robots\" content=\"index, follow, max-snippet:-1, max-image-preview:large, max-video-preview:-1\" \/>\n<link rel=\"canonical\" href=\"https:\/\/www.goldcrownfoundation.com\/es\/careers\/\" \/>\n<meta property=\"og:locale\" content=\"es_MX\" \/>\n<meta property=\"og:type\" content=\"article\" \/>\n<meta property=\"og:title\" content=\"Careers - Gold Crown Foundation\" \/>\n<meta property=\"og:description\" content=\"Thank you for your interest in joining the Gold Crown Foundation Team. We are nonprofit organization comprised of 20-25 full time and part time staff members. While we have multiple [&hellip;]\" \/>\n<meta property=\"og:url\" content=\"https:\/\/www.goldcrownfoundation.com\/es\/careers\/\" \/>\n<meta property=\"og:site_name\" content=\"Gold Crown Foundation\" \/>\n<meta property=\"article:modified_time\" content=\"2026-04-16T22:21:38+00:00\" \/>\n<meta name=\"twitter:card\" content=\"summary_large_image\" \/>\n<meta name=\"twitter:label1\" content=\"Tiempo de lectura\" \/>\n\t<meta name=\"twitter:data1\" content=\"4 minutos\" \/>\n<script type=\"application\/ld+json\" class=\"yoast-schema-graph\">{\"@context\":\"https:\\\/\\\/schema.org\",\"@graph\":[{\"@type\":\"WebPage\",\"@id\":\"https:\\\/\\\/www.goldcrownfoundation.com\\\/careers\\\/\",\"url\":\"https:\\\/\\\/www.goldcrownfoundation.com\\\/careers\\\/\",\"name\":\"Careers - Gold Crown Foundation\",\"isPartOf\":{\"@id\":\"https:\\\/\\\/www.goldcrownfoundation.com\\\/#website\"},\"datePublished\":\"2018-11-05T22:36:13+00:00\",\"dateModified\":\"2026-04-16T22:21:38+00:00\",\"breadcrumb\":{\"@id\":\"https:\\\/\\\/www.goldcrownfoundation.com\\\/careers\\\/#breadcrumb\"},\"inLanguage\":\"es\",\"potentialAction\":[{\"@type\":\"ReadAction\",\"target\":[\"https:\\\/\\\/www.goldcrownfoundation.com\\\/careers\\\/\"]}]},{\"@type\":\"BreadcrumbList\",\"@id\":\"https:\\\/\\\/www.goldcrownfoundation.com\\\/careers\\\/#breadcrumb\",\"itemListElement\":[{\"@type\":\"ListItem\",\"position\":1,\"name\":\"Home\",\"item\":\"https:\\\/\\\/www.goldcrownfoundation.com\\\/\"},{\"@type\":\"ListItem\",\"position\":2,\"name\":\"Careers\"}]},{\"@type\":\"WebSite\",\"@id\":\"https:\\\/\\\/www.goldcrownfoundation.com\\\/#website\",\"url\":\"https:\\\/\\\/www.goldcrownfoundation.com\\\/\",\"name\":\"Gold Crown Foundation\",\"description\":\"\",\"publisher\":{\"@id\":\"https:\\\/\\\/www.goldcrownfoundation.com\\\/#organization\"},\"potentialAction\":[{\"@type\":\"SearchAction\",\"target\":{\"@type\":\"EntryPoint\",\"urlTemplate\":\"https:\\\/\\\/www.goldcrownfoundation.com\\\/?s={search_term_string}\"},\"query-input\":{\"@type\":\"PropertyValueSpecification\",\"valueRequired\":true,\"valueName\":\"search_term_string\"}}],\"inLanguage\":\"es\"},{\"@type\":\"Organization\",\"@id\":\"https:\\\/\\\/www.goldcrownfoundation.com\\\/#organization\",\"name\":\"Gold Crown Foundation\",\"url\":\"https:\\\/\\\/www.goldcrownfoundation.com\\\/\",\"logo\":{\"@type\":\"ImageObject\",\"inLanguage\":\"es\",\"@id\":\"https:\\\/\\\/www.goldcrownfoundation.com\\\/#\\\/schema\\\/logo\\\/image\\\/\",\"url\":\"https:\\\/\\\/www.goldcrownfoundation.com\\\/wp-content\\\/uploads\\\/2018\\\/11\\\/gcf-logo.svg\",\"contentUrl\":\"https:\\\/\\\/www.goldcrownfoundation.com\\\/wp-content\\\/uploads\\\/2018\\\/11\\\/gcf-logo.svg\",\"caption\":\"Gold Crown Foundation\"},\"image\":{\"@id\":\"https:\\\/\\\/www.goldcrownfoundation.com\\\/#\\\/schema\\\/logo\\\/image\\\/\"}}]}<\/script>\n<!-- \/ Yoast SEO plugin. -->","yoast_head_json":{"title":"Careers - Gold Crown Foundation","robots":{"index":"index","follow":"follow","max-snippet":"max-snippet:-1","max-image-preview":"max-image-preview:large","max-video-preview":"max-video-preview:-1"},"canonical":"https:\/\/www.goldcrownfoundation.com\/es\/careers\/","og_locale":"es_MX","og_type":"article","og_title":"Careers - Gold Crown Foundation","og_description":"Thank you for your interest in joining the Gold Crown Foundation Team. We are nonprofit organization comprised of 20-25 full time and part time staff members. While we have multiple [&hellip;]","og_url":"https:\/\/www.goldcrownfoundation.com\/es\/careers\/","og_site_name":"Gold Crown Foundation","article_modified_time":"2026-04-16T22:21:38+00:00","twitter_card":"summary_large_image","twitter_misc":{"Tiempo de lectura":"4 minutos"},"schema":{"@context":"https:\/\/schema.org","@graph":[{"@type":"WebPage","@id":"https:\/\/www.goldcrownfoundation.com\/careers\/","url":"https:\/\/www.goldcrownfoundation.com\/careers\/","name":"Careers - Gold Crown Foundation","isPartOf":{"@id":"https:\/\/www.goldcrownfoundation.com\/#website"},"datePublished":"2018-11-05T22:36:13+00:00","dateModified":"2026-04-16T22:21:38+00:00","breadcrumb":{"@id":"https:\/\/www.goldcrownfoundation.com\/careers\/#breadcrumb"},"inLanguage":"es","potentialAction":[{"@type":"ReadAction","target":["https:\/\/www.goldcrownfoundation.com\/careers\/"]}]},{"@type":"BreadcrumbList","@id":"https:\/\/www.goldcrownfoundation.com\/careers\/#breadcrumb","itemListElement":[{"@type":"ListItem","position":1,"name":"Home","item":"https:\/\/www.goldcrownfoundation.com\/"},{"@type":"ListItem","position":2,"name":"Careers"}]},{"@type":"WebSite","@id":"https:\/\/www.goldcrownfoundation.com\/#website","url":"https:\/\/www.goldcrownfoundation.com\/","name":"Fundaci\u00f3n Corona de Oro","description":"","publisher":{"@id":"https:\/\/www.goldcrownfoundation.com\/#organization"},"potentialAction":[{"@type":"SearchAction","target":{"@type":"EntryPoint","urlTemplate":"https:\/\/www.goldcrownfoundation.com\/?s={search_term_string}"},"query-input":{"@type":"PropertyValueSpecification","valueRequired":true,"valueName":"search_term_string"}}],"inLanguage":"es"},{"@type":"Organization","@id":"https:\/\/www.goldcrownfoundation.com\/#organization","name":"Fundaci\u00f3n Corona de Oro","url":"https:\/\/www.goldcrownfoundation.com\/","logo":{"@type":"ImageObject","inLanguage":"es","@id":"https:\/\/www.goldcrownfoundation.com\/#\/schema\/logo\/image\/","url":"https:\/\/www.goldcrownfoundation.com\/wp-content\/uploads\/2018\/11\/gcf-logo.svg","contentUrl":"https:\/\/www.goldcrownfoundation.com\/wp-content\/uploads\/2018\/11\/gcf-logo.svg","caption":"Gold Crown Foundation"},"image":{"@id":"https:\/\/www.goldcrownfoundation.com\/#\/schema\/logo\/image\/"}}]}},"_links":{"self":[{"href":"https:\/\/www.goldcrownfoundation.com\/es\/wp-json\/wp\/v2\/pages\/58","targetHints":{"allow":["GET"]}}],"collection":[{"href":"https:\/\/www.goldcrownfoundation.com\/es\/wp-json\/wp\/v2\/pages"}],"about":[{"href":"https:\/\/www.goldcrownfoundation.com\/es\/wp-json\/wp\/v2\/types\/page"}],"author":[{"embeddable":true,"href":"https:\/\/www.goldcrownfoundation.com\/es\/wp-json\/wp\/v2\/users\/1"}],"replies":[{"embeddable":true,"href":"https:\/\/www.goldcrownfoundation.com\/es\/wp-json\/wp\/v2\/comments?post=58"}],"version-history":[{"count":0,"href":"https:\/\/www.goldcrownfoundation.com\/es\/wp-json\/wp\/v2\/pages\/58\/revisions"}],"wp:attachment":[{"href":"https:\/\/www.goldcrownfoundation.com\/es\/wp-json\/wp\/v2\/media?parent=58"}],"curies":[{"name":"wp","href":"https:\/\/api.w.org\/{rel}","templated":true}]}}