{"id":62,"date":"2018-11-05T15:36:15","date_gmt":"2018-11-05T22:36:15","guid":{"rendered":"https:\/\/www.goldcrownfoundation.com\/tax-id-information\/"},"modified":"2018-12-19T13:37:23","modified_gmt":"2018-12-19T20:37:23","slug":"tax-id-information","status":"publish","type":"page","link":"https:\/\/www.goldcrownfoundation.com\/es\/tax-id-information\/","title":{"rendered":"Informaci\u00f3n de Impuestos"},"content":{"rendered":"<div id=\"pl-62\"  class=\"panel-layout\" ><div id=\"pg-62-0\"  class=\"panel-grid panel-no-style\" ><div id=\"pgc-62-0-0\"  class=\"panel-grid-cell\" ><div id=\"panel-62-0-0-0\" class=\"so-panel widget widget_sow-editor panel-first-child panel-last-child\" data-index=\"0\" ><div\n\t\t\t\n\t\t\tclass=\"so-widget-sow-editor so-widget-sow-editor-base\"\n\t\t\t\n\t\t>\n<div class=\"siteorigin-widget-tinymce textwidget\">\n\t<p>La Fundaci\u00f3n Gold Crown es una organizaci\u00f3n ben\u00e9fica p\u00fablica 501c3 de Colorado reconocida por el IRS y ha permanecido al d\u00eda desde su constituci\u00f3n en 1986.<\/p>\n<p>El n\u00famero de identificaci\u00f3n fiscal de Gold Crown es 74-2422126. Cada a\u00f1o nos sometemos a una rigurosa auditor\u00eda por una empresa de terceros y estamos orgullosos del hecho de que siempre hemos asegurado una auditor\u00eda limpia. Nuestra auditor\u00eda y documentos fiscales son de dominio p\u00fablico y se pueden encontrar a trav\u00e9s de diversos organismos de informaci\u00f3n estatales \/ comunitarios. Si tiene alguna pregunta espec\u00edfica, p\u00f3ngase en contacto con nosotros en el 303.773.1442 ext. 242.<\/p>\n<\/div>\n<\/div><\/div><\/div><\/div><\/div>","protected":false},"excerpt":{"rendered":"<p>Gold Crown Foundation is a 501c3 Colorado Public Charity as recognized by the IRS and have remained in good standing since our incorporation in 1986. Gold Crown\u2019s Tax ID is [&hellip;]<\/p>\n","protected":false},"author":1,"featured_media":0,"parent":0,"menu_order":0,"comment_status":"closed","ping_status":"closed","template":"","meta":{"inline_featured_image":false,"_monsterinsights_skip_tracking":false,"_monsterinsights_sitenote_active":false,"_monsterinsights_sitenote_note":"","_monsterinsights_sitenote_category":0,"footnotes":""},"class_list":["post-62","page","type-page","status-publish","hentry","post"],"yoast_head":"<!-- This site is optimized with the Yoast SEO plugin v27.3 - https:\/\/yoast.com\/product\/yoast-seo-wordpress\/ -->\n<title>Tax ID Information - Gold Crown Foundation<\/title>\n<meta name=\"robots\" content=\"index, follow, max-snippet:-1, max-image-preview:large, max-video-preview:-1\" \/>\n<link rel=\"canonical\" href=\"https:\/\/www.goldcrownfoundation.com\/es\/tax-id-information\/\" \/>\n<meta property=\"og:locale\" content=\"es_MX\" \/>\n<meta property=\"og:type\" content=\"article\" \/>\n<meta property=\"og:title\" content=\"Tax ID Information - Gold Crown Foundation\" \/>\n<meta property=\"og:description\" content=\"Gold Crown Foundation is a 501c3 Colorado Public Charity as recognized by the IRS and have remained in good standing since our incorporation in 1986. Gold Crown\u2019s Tax ID is [&hellip;]\" \/>\n<meta property=\"og:url\" content=\"https:\/\/www.goldcrownfoundation.com\/es\/tax-id-information\/\" \/>\n<meta property=\"og:site_name\" content=\"Gold Crown Foundation\" \/>\n<meta property=\"article:modified_time\" content=\"2018-12-19T20:37:23+00:00\" \/>\n<meta name=\"twitter:card\" content=\"summary_large_image\" \/>\n<script type=\"application\/ld+json\" class=\"yoast-schema-graph\">{\"@context\":\"https:\\\/\\\/schema.org\",\"@graph\":[{\"@type\":\"WebPage\",\"@id\":\"https:\\\/\\\/www.goldcrownfoundation.com\\\/tax-id-information\\\/\",\"url\":\"https:\\\/\\\/www.goldcrownfoundation.com\\\/tax-id-information\\\/\",\"name\":\"Tax ID Information - Gold Crown Foundation\",\"isPartOf\":{\"@id\":\"https:\\\/\\\/www.goldcrownfoundation.com\\\/#website\"},\"datePublished\":\"2018-11-05T22:36:15+00:00\",\"dateModified\":\"2018-12-19T20:37:23+00:00\",\"breadcrumb\":{\"@id\":\"https:\\\/\\\/www.goldcrownfoundation.com\\\/tax-id-information\\\/#breadcrumb\"},\"inLanguage\":\"es\",\"potentialAction\":[{\"@type\":\"ReadAction\",\"target\":[\"https:\\\/\\\/www.goldcrownfoundation.com\\\/tax-id-information\\\/\"]}]},{\"@type\":\"BreadcrumbList\",\"@id\":\"https:\\\/\\\/www.goldcrownfoundation.com\\\/tax-id-information\\\/#breadcrumb\",\"itemListElement\":[{\"@type\":\"ListItem\",\"position\":1,\"name\":\"Home\",\"item\":\"https:\\\/\\\/www.goldcrownfoundation.com\\\/\"},{\"@type\":\"ListItem\",\"position\":2,\"name\":\"Tax ID Information\"}]},{\"@type\":\"WebSite\",\"@id\":\"https:\\\/\\\/www.goldcrownfoundation.com\\\/#website\",\"url\":\"https:\\\/\\\/www.goldcrownfoundation.com\\\/\",\"name\":\"Gold Crown Foundation\",\"description\":\"\",\"publisher\":{\"@id\":\"https:\\\/\\\/www.goldcrownfoundation.com\\\/#organization\"},\"potentialAction\":[{\"@type\":\"SearchAction\",\"target\":{\"@type\":\"EntryPoint\",\"urlTemplate\":\"https:\\\/\\\/www.goldcrownfoundation.com\\\/?s={search_term_string}\"},\"query-input\":{\"@type\":\"PropertyValueSpecification\",\"valueRequired\":true,\"valueName\":\"search_term_string\"}}],\"inLanguage\":\"es\"},{\"@type\":\"Organization\",\"@id\":\"https:\\\/\\\/www.goldcrownfoundation.com\\\/#organization\",\"name\":\"Gold Crown Foundation\",\"url\":\"https:\\\/\\\/www.goldcrownfoundation.com\\\/\",\"logo\":{\"@type\":\"ImageObject\",\"inLanguage\":\"es\",\"@id\":\"https:\\\/\\\/www.goldcrownfoundation.com\\\/#\\\/schema\\\/logo\\\/image\\\/\",\"url\":\"https:\\\/\\\/www.goldcrownfoundation.com\\\/wp-content\\\/uploads\\\/2018\\\/11\\\/gcf-logo.svg\",\"contentUrl\":\"https:\\\/\\\/www.goldcrownfoundation.com\\\/wp-content\\\/uploads\\\/2018\\\/11\\\/gcf-logo.svg\",\"caption\":\"Gold Crown Foundation\"},\"image\":{\"@id\":\"https:\\\/\\\/www.goldcrownfoundation.com\\\/#\\\/schema\\\/logo\\\/image\\\/\"}}]}<\/script>\n<!-- \/ Yoast SEO plugin. -->","yoast_head_json":{"title":"Tax ID Information - Gold Crown Foundation","robots":{"index":"index","follow":"follow","max-snippet":"max-snippet:-1","max-image-preview":"max-image-preview:large","max-video-preview":"max-video-preview:-1"},"canonical":"https:\/\/www.goldcrownfoundation.com\/es\/tax-id-information\/","og_locale":"es_MX","og_type":"article","og_title":"Tax ID Information - Gold Crown Foundation","og_description":"Gold Crown Foundation is a 501c3 Colorado Public Charity as recognized by the IRS and have remained in good standing since our incorporation in 1986. Gold Crown\u2019s Tax ID is [&hellip;]","og_url":"https:\/\/www.goldcrownfoundation.com\/es\/tax-id-information\/","og_site_name":"Gold Crown Foundation","article_modified_time":"2018-12-19T20:37:23+00:00","twitter_card":"summary_large_image","schema":{"@context":"https:\/\/schema.org","@graph":[{"@type":"WebPage","@id":"https:\/\/www.goldcrownfoundation.com\/tax-id-information\/","url":"https:\/\/www.goldcrownfoundation.com\/tax-id-information\/","name":"Tax ID Information - Gold Crown Foundation","isPartOf":{"@id":"https:\/\/www.goldcrownfoundation.com\/#website"},"datePublished":"2018-11-05T22:36:15+00:00","dateModified":"2018-12-19T20:37:23+00:00","breadcrumb":{"@id":"https:\/\/www.goldcrownfoundation.com\/tax-id-information\/#breadcrumb"},"inLanguage":"es","potentialAction":[{"@type":"ReadAction","target":["https:\/\/www.goldcrownfoundation.com\/tax-id-information\/"]}]},{"@type":"BreadcrumbList","@id":"https:\/\/www.goldcrownfoundation.com\/tax-id-information\/#breadcrumb","itemListElement":[{"@type":"ListItem","position":1,"name":"Home","item":"https:\/\/www.goldcrownfoundation.com\/"},{"@type":"ListItem","position":2,"name":"Tax ID Information"}]},{"@type":"WebSite","@id":"https:\/\/www.goldcrownfoundation.com\/#website","url":"https:\/\/www.goldcrownfoundation.com\/","name":"Fundaci\u00f3n Corona de Oro","description":"","publisher":{"@id":"https:\/\/www.goldcrownfoundation.com\/#organization"},"potentialAction":[{"@type":"SearchAction","target":{"@type":"EntryPoint","urlTemplate":"https:\/\/www.goldcrownfoundation.com\/?s={search_term_string}"},"query-input":{"@type":"PropertyValueSpecification","valueRequired":true,"valueName":"search_term_string"}}],"inLanguage":"es"},{"@type":"Organization","@id":"https:\/\/www.goldcrownfoundation.com\/#organization","name":"Fundaci\u00f3n Corona de Oro","url":"https:\/\/www.goldcrownfoundation.com\/","logo":{"@type":"ImageObject","inLanguage":"es","@id":"https:\/\/www.goldcrownfoundation.com\/#\/schema\/logo\/image\/","url":"https:\/\/www.goldcrownfoundation.com\/wp-content\/uploads\/2018\/11\/gcf-logo.svg","contentUrl":"https:\/\/www.goldcrownfoundation.com\/wp-content\/uploads\/2018\/11\/gcf-logo.svg","caption":"Gold Crown Foundation"},"image":{"@id":"https:\/\/www.goldcrownfoundation.com\/#\/schema\/logo\/image\/"}}]}},"_links":{"self":[{"href":"https:\/\/www.goldcrownfoundation.com\/es\/wp-json\/wp\/v2\/pages\/62","targetHints":{"allow":["GET"]}}],"collection":[{"href":"https:\/\/www.goldcrownfoundation.com\/es\/wp-json\/wp\/v2\/pages"}],"about":[{"href":"https:\/\/www.goldcrownfoundation.com\/es\/wp-json\/wp\/v2\/types\/page"}],"author":[{"embeddable":true,"href":"https:\/\/www.goldcrownfoundation.com\/es\/wp-json\/wp\/v2\/users\/1"}],"replies":[{"embeddable":true,"href":"https:\/\/www.goldcrownfoundation.com\/es\/wp-json\/wp\/v2\/comments?post=62"}],"version-history":[{"count":0,"href":"https:\/\/www.goldcrownfoundation.com\/es\/wp-json\/wp\/v2\/pages\/62\/revisions"}],"wp:attachment":[{"href":"https:\/\/www.goldcrownfoundation.com\/es\/wp-json\/wp\/v2\/media?parent=62"}],"curies":[{"name":"wp","href":"https:\/\/api.w.org\/{rel}","templated":true}]}}